{"id":4807,"date":"2020-04-01T11:35:52","date_gmt":"2020-04-01T09:35:52","guid":{"rendered":"https:\/\/q4h.eu\/a-propos-de-nous\/a-propos-de-moi\/"},"modified":"2025-03-07T21:37:22","modified_gmt":"2025-03-07T20:37:22","slug":"a-propos-de-moi","status":"publish","type":"page","link":"https:\/\/q4h.eu\/fr\/a-propos-de-nous\/a-propos-de-moi\/","title":{"rendered":"A propos de moi"},"content":{"rendered":"<p><section id=\"bt_bb_section69eb9a919fdaf\" class=\"bt_bb_section bt_bb_color_scheme_8 bt_bb_layout_boxed_1200 bt_bb_vertical_align_top bt_bb_background_overlay_light_bottom_gradient bt_bb_top_section_coverage_image bt_bb_section_with_top_coverage_image bt_bb_top_spacing_medium bt_bb_bottom_spacing_medium\" style=\"; --section-primary-color:#10113d; --section-secondary-color:#ffffff;;background-color:#f3f4f9;\" data-bt-override-class=\"null\"><div class=\"bt_bb_background_image_holder_wrapper\"><div class=\"bt_bb_background_image_holder bt_bb_parallax\"  data-parallax=\"0.7\" data-parallax-offset=\"0\" data-parallax-zoom-start=\"1\" data-parallax-zoom-end=\"1\" data-parallax-blur-start=\"0\" data-parallax-blur-end=\"0\" data-parallax-opacity-start=\"1\" data-parallax-opacity-end=\"1\" style=\" background-image:url(&#039;https:\/\/novalab.bold-themes.com\/nova-a\/wp-content\/uploads\/sites\/7\/2020\/05\/background_2_about_me.png&#039;);\"><\/div><\/div><div class=\"bt_bb_port\"><div class=\"bt_bb_cell\"><div class=\"bt_bb_cell_inner\"><div class=\"bt_bb_row \"  data-bt-override-class=\"{}\"><div class=\"bt_bb_row_holder\" ><div  class=\"bt_bb_column col-xxl-7 col-xl-7 bt_bb_vertical_align_middle bt_bb_align_left bt_bb_padding_normal bt_bb_animation_fade_in animate\" style=\"position: relative;; --column-width:7;\" data-width=\"7\" data-bt-override-class=\"{}\"><div class=\"bt_bb_column_content\"><div class=\"bt_bb_column_content_inner\"><div class=\"bt_bb_separator bt_bb_border_style_none bt_bb_border_color_none bt_bb_bottom_spacing_large\" data-bt-override-class=\"null\"><\/div><div class=\"bt_bb_testimonial bt_bb_text_size_large bt_bb_text_style_italic\"><div class=\"bt_bb_testimonial_text\"><span>``J'accompagne les \u00e9quipes dans la compr\u00e9hension, la ma\u00eetrise et l'application des exigences r\u00e9glementaires avec pragmatisme et confiance.``<\/span><\/div><div class=\"bt_bb_testimonial_text_box\"><header class=\"bt_bb_headline bt_bb_size_medium btNoHeadline\" data-bt-override-class=\"{}\"><\/header><\/div><\/div><div class=\"bt_bb_separator bt_bb_border_style_none bt_bb_border_color_none bt_bb_bottom_spacing_small\" data-bt-override-class=\"null\"><\/div><div class=\"bt_bb_image bt_bb_shape_square bt_bb_target_self bt_bb_align_inherit bt_bb_hover_style_simple bt_bb_content_display_always bt_bb_content_align_middle bt_bb_hidden_ms bt_bb_hidden_sm bt_bb_hidden_md bt_bb_hidden_lg\" data-bt-override-class=\"{}\"><span><img loading=\"lazy\" decoding=\"async\" width=\"159\" height=\"95\" src=\"https:\/\/novalab.bold-themes.com\/nova-a\/wp-content\/uploads\/sites\/7\/2020\/04\/signature.png\" class=\"attachment-full size-full\" alt=\"https:\/\/novalab.bold-themes.com\/nova-a\/wp-content\/uploads\/sites\/7\/2020\/04\/signature.png\" data-full_image_src=\"https:\/\/novalab.bold-themes.com\/nova-a\/wp-content\/uploads\/sites\/7\/2020\/04\/signature.png\" title=\"signature\" \/><\/span><\/div><header class=\"bt_bb_headline bt_bb_font_weight_medium bt_bb_color_scheme_12 bt_bb_dash_none bt_bb_size_small bt_bb_align_inherit\" style=\"; --primary-color:#10113d; --secondary-color:#33d1cb;\" data-bt-override-class=\"{}\"><h4 class=\"bt_bb_headline_tag\"><span class=\"bt_bb_headline_content\"><span>Benjamin Vallet<\/span><\/span><\/h4><\/header><div class=\"bt_bb_separator bt_bb_border_style_none bt_bb_border_color_none bt_bb_bottom_spacing_extra_small\" data-bt-override-class=\"null\"><\/div><header class=\"bt_bb_headline bt_bb_font_weight_medium bt_bb_dash_none bt_bb_subheadline bt_bb_size_small bt_bb_align_inherit bt_bb_subtitle_font_weight_medium btNoHeadline\" style=\"opacity: 0.5;\" data-bt-override-class=\"{}\"><div class=\"bt_bb_headline_subheadline\">Managing Director &amp; Consultant of Quality For Healthcare<\/div><\/header><div class=\"bt_bb_separator bt_bb_border_style_none bt_bb_bottom_spacing_normal\" data-bt-override-class=\"null\"><\/div><div class=\"bt_bb_separator bt_bb_border_style_solid bt_bb_top_spacing_normal bt_bb_bottom_spacing_normal\" data-bt-override-class=\"null\"><\/div><header class=\"bt_bb_headline bt_bb_dash_none bt_bb_size_small bt_bb_align_inherit\" data-bt-override-class=\"{}\"><h4 class=\"bt_bb_headline_tag\"><span class=\"bt_bb_headline_content\"><span>Qui je suis ?<\/span><\/span><\/h4><\/header><div class=\"bt_bb_separator bt_bb_border_style_none bt_bb_bottom_spacing_normal\" data-bt-override-class=\"null\"><\/div><div class=\" bt_bb_row_inner\"   data-bt-override-class=\"{}\"><div class=\"bt_bb_row_inner_holder\"  ><div  class=\"bt_bb_column_inner col-xxl-6 col-xl-6 bt_bb_vertical_align_top bt_bb_align_left bt_bb_padding_normal\"  data-width=\"6\" data-bt-override-class=\"{}\"><div class=\"bt_bb_column_inner_content\"><div class=\"bt_bb_column_inner_content_inner\"><div  class=\"bt_bb_text\" ><\/p>\n<p>Pharmacien senior, je poss\u00e8de une vaste expertise en audits et inspections dans le secteur pharmaceutique et biopharmaceutique.<br \/>En tant qu&rsquo;auditeur certifi\u00e9, j&rsquo;associe mes comp\u00e9tences en pratiques aseptiques, int\u00e9grit\u00e9 des donn\u00e9es et bioproduction \u00e0 une passion pour le d\u00e9veloppement des talents.<br \/>Motiv\u00e9 par le souci du bien-\u00eatre des personnes, j&rsquo;ai \u00e9galement une exp\u00e9rience av\u00e9r\u00e9e en gestion du personnel, formation, coaching et management int\u00e9rimaire.<\/p>\n<p>\n<\/div><div class=\"bt_bb_separator bt_bb_border_style_none bt_bb_border_color_none bt_bb_bottom_spacing_medium\" data-bt-override-class=\"null\"><\/div><\/div><\/div><\/div><div  class=\"bt_bb_column_inner col-xxl-6 col-xl-6 bt_bb_vertical_align_top bt_bb_align_left bt_bb_padding_normal\"  data-width=\"6\" data-bt-override-class=\"{}\"><div class=\"bt_bb_column_inner_content\"><div class=\"bt_bb_column_inner_content_inner\"><div  class=\"bt_bb_text\" ><\/p>\n<p><strong>Mission &amp; vision<\/strong><\/p>\n<p>Depuis la cr\u00e9ation de Quality for Healthcare (Q4H) en 2013, je crois que la qualit\u00e9 dans le secteur de la sant\u00e9 ne doit jamais \u00eatre une contrainte mais un outil puissant pour am\u00e9liorer les pratiques et assurer la s\u00e9curit\u00e9 et l&rsquo;efficacit\u00e9.<br \/>La mission de Q4H est d&rsquo;aider les entreprises \u00e0 atteindre un niveau de qualit\u00e9 appropri\u00e9 en rendant la conformit\u00e9 accessible et en favorisant l&rsquo;autonomie des employ\u00e9s.<br \/>J&rsquo;accompagne les \u00e9quipes dans la compr\u00e9hension, la ma\u00eetrise et l&rsquo;application des exigences r\u00e9glementaires avec pragmatisme et confiance. Au-del\u00e0 de la conformit\u00e9, Q4H s&rsquo;efforce de rendre les employ\u00e9s fiers de leur travail et de leur donner les moyens d&rsquo;assurer durablement la qualit\u00e9 et la s\u00e9curit\u00e9 des produits de sant\u00e9.<\/p>\n<p>\n<\/div><div class=\"bt_bb_separator bt_bb_border_style_none bt_bb_border_color_none bt_bb_bottom_spacing_medium\" data-bt-override-class=\"null\"><\/div><\/div><\/div><\/div><\/div><\/div><div class=\"bt_bb_floating_image bt_bb_shape_square bt_bb_floating_image_horizontal_position_left bt_bb_floating_image_vertical_position_bottom bt_bb_floating_image_animation_delay_default bt_bb_floating_image_animation_duration_5000 bt_bb_floating_image_animation_style_ease_out bt_bb_hidden_xs bt_bb_hidden_ms bt_bb_hidden_sm\" style=\"left: -15em;\" data-speed=\"1.0\"><div class=\"bt_bb_floating_image_image\" data-speed=\"1.0\"><div class=\"bt_bb_image bt_bb_shape_square\" data-bt-override-class=\"{}\"><span><img decoding=\"async\" width=\"180\" height=\"200\" src=\"https:\/\/novalab.bold-themes.com\/nova-a\/wp-content\/uploads\/sites\/7\/2020\/04\/small_blue_triangle.png\" class=\"attachment-full size-full\" alt=\"https:\/\/novalab.bold-themes.com\/nova-a\/wp-content\/uploads\/sites\/7\/2020\/04\/small_blue_triangle.png\" data-full_image_src=\"https:\/\/novalab.bold-themes.com\/nova-a\/wp-content\/uploads\/sites\/7\/2020\/04\/small_blue_triangle.png\" title=\"small_blue_triangle\" loading=\"eager\" \/><\/span><\/div><\/div><\/div><\/div><\/div><\/div><div  class=\"bt_bb_column col-xxl-5 col-xl-5 bt_bb_vertical_align_middle bt_bb_align_left bt_bb_padding_normal bt_bb_animation_fade_in animate\" style=\"; --column-width:5;\" data-width=\"5\" data-bt-override-class=\"{}\"><div class=\"bt_bb_column_content\"><div class=\"bt_bb_column_content_inner\"><div class=\"bt_bb_image bt_bb_shape_triangle bt_bb_target_self bt_bb_align_inherit bt_bb_hover_style_simple bt_bb_content_display_always bt_bb_content_align_middle\" data-bt-override-class=\"{}\"><span><img fetchpriority=\"high\" decoding=\"async\" width=\"1536\" height=\"2048\" src=\"https:\/\/q4h.eu\/wp-content\/uploads\/2025\/02\/Pro_BVA1_no_shadow.jpg\" class=\"attachment-full size-full\" alt=\"https:\/\/q4h.eu\/wp-content\/uploads\/2025\/02\/Pro_BVA1_no_shadow.jpg\" data-full_image_src=\"https:\/\/q4h.eu\/wp-content\/uploads\/2025\/02\/Pro_BVA1_no_shadow.jpg\" title=\"Pro_BVA1_no_shadow\" loading=\"eager\" srcset=\"https:\/\/q4h.eu\/wp-content\/uploads\/2025\/02\/Pro_BVA1_no_shadow.jpg 1536w, https:\/\/q4h.eu\/wp-content\/uploads\/2025\/02\/Pro_BVA1_no_shadow-640x853.jpg 640w, https:\/\/q4h.eu\/wp-content\/uploads\/2025\/02\/Pro_BVA1_no_shadow-1280x1707.jpg 1280w, https:\/\/q4h.eu\/wp-content\/uploads\/2025\/02\/Pro_BVA1_no_shadow-768x1024.jpg 768w, https:\/\/q4h.eu\/wp-content\/uploads\/2025\/02\/Pro_BVA1_no_shadow-1152x1536.jpg 1152w, https:\/\/q4h.eu\/wp-content\/uploads\/2025\/02\/Pro_BVA1_no_shadow-320x427.jpg 320w\" sizes=\"(max-width: 1536px) 100vw, 1536px\" \/><\/span><\/div><\/div><\/div><\/div><\/div><\/div><\/div><!-- cell_inner --><\/div><!-- cell --><\/div><!-- port --><div class=\"bt_bb_section_top_section_coverage_image\"><img decoding=\"async\" src=\"https:\/\/novalab.bold-themes.com\/nova-a\/wp-content\/uploads\/sites\/7\/2020\/06\/top_cover_longer.png\" alt=\"bt_bb_section_top_section_coverage_image\" \/><\/div><\/section><section id=\"bt_bb_section69eb9a91a10d5\" class=\"bt_bb_section bt_bb_color_scheme_8 bt_bb_layout_boxed_1200 bt_bb_vertical_align_top bt_bb_top_spacing_medium bt_bb_bottom_spacing_medium\" style=\"; --section-primary-color:#10113d; --section-secondary-color:#ffffff;\" data-bt-override-class=\"null\"><div class=\"bt_bb_port\"><div class=\"bt_bb_cell\"><div class=\"bt_bb_cell_inner\"><div class=\"bt_bb_row \"  data-bt-override-class=\"{}\"><div class=\"bt_bb_row_holder\" ><div  class=\"bt_bb_column col-xxl-5 col-xl-5 bt_bb_vertical_align_top bt_bb_align_left bt_bb_padding_normal bt_bb_animation_fade_in animate\" style=\"; --column-width:5;\" data-width=\"5\" data-bt-override-class=\"{}\"><div class=\"bt_bb_column_content\"><div class=\"bt_bb_column_content_inner\"><div class=\"bt_bb_image bt_bb_shape_triangle bt_bb_target_self bt_bb_align_inherit bt_bb_hover_style_simple bt_bb_content_display_always bt_bb_content_align_middle\" data-bt-override-class=\"{}\"><span><img decoding=\"async\" width=\"512\" height=\"512\" src=\"https:\/\/q4h.eu\/wp-content\/uploads\/2024\/08\/cropped-logo-512x512-1.png\" class=\"attachment-full size-full\" alt=\"https:\/\/q4h.eu\/wp-content\/uploads\/2024\/08\/cropped-logo-512x512-1.png\" data-full_image_src=\"https:\/\/q4h.eu\/wp-content\/uploads\/2024\/08\/cropped-logo-512x512-1.png\" title=\"logo-512x512\" loading=\"eager\" srcset=\"https:\/\/q4h.eu\/wp-content\/uploads\/2024\/08\/cropped-logo-512x512-1.png 512w, https:\/\/q4h.eu\/wp-content\/uploads\/2024\/08\/cropped-logo-512x512-1-160x160.png 160w, https:\/\/q4h.eu\/wp-content\/uploads\/2024\/08\/cropped-logo-512x512-1-320x320.png 320w, https:\/\/q4h.eu\/wp-content\/uploads\/2024\/08\/cropped-logo-512x512-1-270x270.png 270w, https:\/\/q4h.eu\/wp-content\/uploads\/2024\/08\/cropped-logo-512x512-1-192x192.png 192w, https:\/\/q4h.eu\/wp-content\/uploads\/2024\/08\/cropped-logo-512x512-1-180x180.png 180w, https:\/\/q4h.eu\/wp-content\/uploads\/2024\/08\/cropped-logo-512x512-1-32x32.png 32w\" sizes=\"(max-width: 512px) 100vw, 512px\" \/><\/span><\/div><div class=\"bt_bb_separator bt_bb_border_style_none bt_bb_bottom_spacing_medium bt_bb_hidden_md bt_bb_hidden_lg\" data-bt-override-class=\"null\"><\/div><div class=\"bt_bb_floating_image bt_bb_shape_square bt_bb_floating_image_horizontal_position_left bt_bb_floating_image_vertical_position_bottom bt_bb_floating_image_animation_delay_default bt_bb_floating_image_animation_duration_5000 bt_bb_floating_image_animation_style_ease_out bt_bb_hidden_xs bt_bb_hidden_ms bt_bb_hidden_sm\" style=\"left: -10em; top: 20em;\" data-speed=\"1.0\"><div class=\"bt_bb_floating_image_image\" data-speed=\"1.0\"><div class=\"bt_bb_image bt_bb_shape_square\" data-bt-override-class=\"{}\"><span><img decoding=\"async\" width=\"290\" height=\"300\" src=\"https:\/\/novalab.bold-themes.com\/nova-a\/wp-content\/uploads\/sites\/7\/2020\/04\/blue_triangle_02.png\" class=\"attachment-full size-full\" alt=\"https:\/\/novalab.bold-themes.com\/nova-a\/wp-content\/uploads\/sites\/7\/2020\/04\/blue_triangle_02.png\" data-full_image_src=\"https:\/\/novalab.bold-themes.com\/nova-a\/wp-content\/uploads\/sites\/7\/2020\/04\/blue_triangle_02.png\" title=\"blue_triangle_02\" loading=\"eager\" \/><\/span><\/div><\/div><\/div><\/div><\/div><\/div><div  class=\"bt_bb_column col-xxl-7 col-xl-7 bt_bb_vertical_align_middle bt_bb_align_left bt_bb_padding_normal bt_bb_animation_fade_in animate\" style=\"; --column-width:7;\" data-width=\"7\" data-bt-override-class=\"{}\"><div class=\"bt_bb_column_content\"><div class=\"bt_bb_column_content_inner\"><div class=\"bt_bb_floating_image bt_bb_shape_square bt_bb_floating_image_horizontal_position_right bt_bb_floating_image_vertical_position_top bt_bb_floating_image_animation_delay_default bt_bb_floating_image_animation_duration_5000 bt_bb_floating_image_animation_style_ease_out bt_bb_hidden_xs bt_bb_hidden_ms bt_bb_hidden_sm\" style=\"right: -10em; top: -6em;\" data-speed=\"1.0\"><div class=\"bt_bb_floating_image_image\" data-speed=\"1.0\"><div class=\"bt_bb_image bt_bb_shape_square\" data-bt-override-class=\"{}\"><span><img decoding=\"async\" width=\"180\" height=\"200\" src=\"https:\/\/novalab.bold-themes.com\/nova-a\/wp-content\/uploads\/sites\/7\/2020\/04\/small_blue_triangle.png\" class=\"attachment-full size-full\" alt=\"https:\/\/novalab.bold-themes.com\/nova-a\/wp-content\/uploads\/sites\/7\/2020\/04\/small_blue_triangle.png\" data-full_image_src=\"https:\/\/novalab.bold-themes.com\/nova-a\/wp-content\/uploads\/sites\/7\/2020\/04\/small_blue_triangle.png\" title=\"small_blue_triangle\" loading=\"eager\" \/><\/span><\/div><\/div><\/div><header class=\"bt_bb_headline bt_bb_font_weight_medium bt_bb_dash_none bt_bb_subheadline bt_bb_size_normal bt_bb_align_inherit\" data-bt-override-class=\"{}\"><h3 class=\"bt_bb_headline_tag\"><span class=\"bt_bb_headline_content\"><span>Benjamin VALLET<\/span><\/span><\/h3><div class=\"bt_bb_headline_subheadline\">Fondateur &amp; consultant<\/div><\/header><div class=\"bt_bb_separator bt_bb_border_style_none bt_bb_bottom_spacing_normal\" data-bt-override-class=\"null\"><\/div><div class=\" bt_bb_row_inner\"   data-bt-override-class=\"{}\"><div class=\"bt_bb_row_inner_holder\"  ><div  class=\"bt_bb_column_inner col-xxl-6 col-xl-6 bt_bb_vertical_align_top bt_bb_align_left bt_bb_padding_normal\"  data-width=\"6\" data-bt-override-class=\"{}\"><div class=\"bt_bb_column_inner_content\"><div class=\"bt_bb_column_inner_content_inner\"><div class=\"bt_bb_service bt_bb_color_scheme_3 bt_bb_style_borderless bt_bb_size_normal bt_bb_shape_circle bt_bb_target_self bt_bb_align_inherit bt_bb_title_color_scheme_3 bt_bb_content_align_middle\" style=\"; --primary-color:#33d1cb; --secondary-color:#191919;; --title-primary-color:#33d1cb; --title-secondary-color:#191919;\" data-bt-override-class=\"{}\"><span  data-ico-icon7stroke=\"&#xe670;\" class=\"bt_bb_icon_holder\"><\/span><div class=\"bt_bb_service_content\"><div class=\"bt_bb_service_content_title\">NUMERO DE TELEPHONE<\/div><div class=\"bt_bb_service_content_text\">+32 497 57 43 97<\/div><\/div><\/div><div class=\"bt_bb_separator bt_bb_border_style_none bt_bb_bottom_spacing_small\" data-bt-override-class=\"null\"><\/div><div class=\"bt_bb_service bt_bb_color_scheme_3 bt_bb_style_borderless bt_bb_size_normal bt_bb_shape_circle bt_bb_target_self bt_bb_align_inherit bt_bb_title_color_scheme_3 bt_bb_content_align_middle\" style=\"; --primary-color:#33d1cb; --secondary-color:#191919;; --title-primary-color:#33d1cb; --title-secondary-color:#191919;\" data-bt-override-class=\"{}\"><span  data-ico-icon7stroke=\"&#xe63b;\" class=\"bt_bb_icon_holder\"><\/span><div class=\"bt_bb_service_content\"><div class=\"bt_bb_service_content_title\">ADDRESSE EMAIL <\/div><div class=\"bt_bb_service_content_text\">info@q4h.eu<\/div><\/div><\/div><div class=\"bt_bb_separator bt_bb_border_style_none bt_bb_bottom_spacing_normal\" data-bt-override-class=\"null\"><\/div><div class=\"bt_bb_icon bt_bb_color_scheme_4 bt_bb_style_outline bt_bb_size_xsmall bt_bb_shape_circle bt_bb_target_blank bt_bb_text_empty bt_bb_align_inherit\" style=\"; --primary-color:#33d1cb; --secondary-color:#ffffff;\" data-bt-override-class=\"{}\"><a href=\"https:\/\/www.linkedin.com\/in\/benjamin-vallet-35505014\/\"  target=\"_blank\"   data-ico-fontawesome5brands=\"&#xf08c;\" class=\"bt_bb_icon_holder\"><\/a><\/div><\/div><\/div><\/div><div  class=\"bt_bb_column_inner col-xxl-6 col-xl-6 bt_bb_vertical_align_top bt_bb_align_left bt_bb_padding_normal\"  data-width=\"6\" data-bt-override-class=\"{}\"><div class=\"bt_bb_column_inner_content\"><div class=\"bt_bb_column_inner_content_inner\"><div class=\"bt_bb_separator bt_bb_border_style_none bt_bb_bottom_spacing_normal bt_bb_hidden_md bt_bb_hidden_lg\" data-bt-override-class=\"null\"><\/div><div  class=\"bt_bb_text\" ><\/p>\n<ul>\n<li><a href=\"https:\/\/q4h.eu\/services\/audit-department\/\">Audit\/Inspections<\/a><\/li>\n<li><a href=\"https:\/\/q4h.eu\/services\/coaching\/\">Training\/coaching\/mentoring<\/a><\/li>\n<li><a href=\"https:\/\/q4h.eu\/services\/interim-management\/\">Interim Management<\/a><\/li>\n<li><a href=\"https:\/\/q4h.eu\/services\/sterility-assurance-2\/\">Sterility Assurance<\/a><\/li>\n<li><a href=\"https:\/\/q4h.eu\/services\/french-legislation\/\">Qualified Person\/Responsible Person<\/a><\/li>\n<\/ul>\n<p>\n<\/div><\/div><\/div><\/div><\/div><\/div><div class=\"bt_bb_separator bt_bb_border_style_solid bt_bb_top_spacing_normal bt_bb_bottom_spacing_normal\" data-bt-override-class=\"null\"><\/div><header class=\"bt_bb_headline bt_bb_dash_none bt_bb_size_small bt_bb_align_inherit\" data-bt-override-class=\"{}\"><h4 class=\"bt_bb_headline_tag\"><span class=\"bt_bb_headline_content\"><span>Carri\u00e8re en nombre<\/span><\/span><\/h4><\/header><div class=\"bt_bb_separator bt_bb_border_style_none bt_bb_bottom_spacing_normal\" data-bt-override-class=\"null\"><\/div><div class=\" bt_bb_row_inner\"   data-bt-override-class=\"{}\"><div class=\"bt_bb_row_inner_holder\"  ><div  class=\"bt_bb_column_inner col-xxl-4 col-xl-4 bt_bb_vertical_align_top bt_bb_align_center bt_bb_padding_normal\"  data-width=\"4\" data-bt-override-class=\"{}\"><div class=\"bt_bb_column_inner_content\"><div class=\"bt_bb_column_inner_content_inner\"><div class=\"bt_bb_progress_bar_advanced animate-adv_progressbar bt_bb_size_normal bt_bb_font_weight_medium bt_bb_show_text_text bt_bb_icon_color_scheme_3\" style=\"; --progress-bar-advanced-icon-primary-color:#33d1cb; --progress-bar-advanced-icon-secondary-color:#191919;\"  data-container=\"container_17987\" data-container-pbid=\"17987\" data-container-type=\"circle\" data-container-percentage=\"0.65\" data-container-stroke-width=\"2\" data-container-trail-color=\"#eee\" data-container-trail-width=\"2\" data-container-easing=\"linear\" data-container-color-from=\"#33d1cb\" data-container-depth-from=\"2\" data-container-color-to=\"#33d1cb\" data-container-depth-to=\"2\" data-container-fill=\"\" data-container-duration=\"1500\" data-container-text=\"\"><div id=\"container_17987\" class=\"container\"><span class=\"bt_bb_progress_bar_advanced_highlighted_text\">&gt;25<\/span><\/div><\/div><div class=\"bt_bb_separator bt_bb_border_style_none bt_bb_border_color_none bt_bb_bottom_spacing_small\" data-bt-override-class=\"null\"><\/div><header class=\"bt_bb_headline bt_bb_dash_none bt_bb_superheadline bt_bb_size_normal bt_bb_align_inherit btNoHeadline\" data-bt-override-class=\"{}\"><h5 class=\"bt_bb_headline_tag\"><span class=\"bt_bb_headline_superheadline\">ANNEES D&apos;EXPERIENCE<\/span><\/h5><\/header><div class=\"bt_bb_separator bt_bb_border_style_none bt_bb_border_color_none bt_bb_bottom_spacing_medium\" data-bt-override-class=\"null\"><\/div><\/div><\/div><\/div><div  class=\"bt_bb_column_inner col-xxl-4 col-xl-4 bt_bb_vertical_align_top bt_bb_align_center bt_bb_padding_normal\"  data-width=\"4\" data-bt-override-class=\"{}\"><div class=\"bt_bb_column_inner_content\"><div class=\"bt_bb_column_inner_content_inner\"><div class=\"bt_bb_progress_bar_advanced animate-adv_progressbar bt_bb_size_normal bt_bb_font_weight_medium bt_bb_show_text_text bt_bb_icon_color_scheme_3\" style=\"; --progress-bar-advanced-icon-primary-color:#33d1cb; --progress-bar-advanced-icon-secondary-color:#191919;\"  data-container=\"container_30513\" data-container-pbid=\"30513\" data-container-type=\"circle\" data-container-percentage=\"0.8\" data-container-stroke-width=\"2\" data-container-trail-color=\"#eee\" data-container-trail-width=\"2\" data-container-easing=\"linear\" data-container-color-from=\"#33d1cb\" data-container-depth-from=\"2\" data-container-color-to=\"#33d1cb\" data-container-depth-to=\"2\" data-container-fill=\"\" data-container-duration=\"1500\" data-container-text=\"\"><div id=\"container_30513\" class=\"container\"><span class=\"bt_bb_progress_bar_advanced_highlighted_text\">&gt;100<\/span><\/div><\/div><div class=\"bt_bb_separator bt_bb_border_style_none bt_bb_border_color_none bt_bb_bottom_spacing_small\" data-bt-override-class=\"null\"><\/div><header class=\"bt_bb_headline bt_bb_dash_none bt_bb_superheadline bt_bb_size_normal bt_bb_align_inherit btNoHeadline\" data-bt-override-class=\"{}\"><h5 class=\"bt_bb_headline_tag\"><span class=\"bt_bb_headline_superheadline\">AUDITS<\/span><\/h5><\/header><div class=\"bt_bb_separator bt_bb_border_style_none bt_bb_border_color_none bt_bb_bottom_spacing_medium\" data-bt-override-class=\"null\"><\/div><\/div><\/div><\/div><div  class=\"bt_bb_column_inner col-xxl-4 col-xl-4 bt_bb_vertical_align_top bt_bb_align_center bt_bb_padding_normal\"  data-width=\"4\" data-bt-override-class=\"{}\"><div class=\"bt_bb_column_inner_content\"><div class=\"bt_bb_column_inner_content_inner\"><div class=\"bt_bb_progress_bar_advanced animate-adv_progressbar bt_bb_size_normal bt_bb_font_weight_medium bt_bb_show_text_text bt_bb_icon_color_scheme_3\" style=\"; --progress-bar-advanced-icon-primary-color:#33d1cb; --progress-bar-advanced-icon-secondary-color:#191919;\"  data-container=\"container_63660\" data-container-pbid=\"63660\" data-container-type=\"circle\" data-container-percentage=\"0.6\" data-container-stroke-width=\"2\" data-container-trail-color=\"#eee\" data-container-trail-width=\"2\" data-container-easing=\"linear\" data-container-color-from=\"#33d1cb\" data-container-depth-from=\"2\" data-container-color-to=\"#33d1cb\" data-container-depth-to=\"2\" data-container-fill=\"\" data-container-duration=\"1500\" data-container-text=\"\"><div id=\"container_63660\" class=\"container\"><span class=\"bt_bb_progress_bar_advanced_highlighted_text\">&gt;200<\/span><\/div><\/div><div class=\"bt_bb_separator bt_bb_border_style_none bt_bb_border_color_none bt_bb_bottom_spacing_small\" data-bt-override-class=\"null\"><\/div><header class=\"bt_bb_headline bt_bb_dash_none bt_bb_superheadline bt_bb_size_normal bt_bb_align_inherit btNoHeadline\" data-bt-override-class=\"{}\"><h5 class=\"bt_bb_headline_tag\"><span class=\"bt_bb_headline_superheadline\">PERSONS MENTORED or COACHED<\/span><\/h5><\/header><div class=\"bt_bb_separator bt_bb_border_style_none bt_bb_border_color_none bt_bb_bottom_spacing_medium\" data-bt-override-class=\"null\"><\/div><\/div><\/div><\/div><\/div><\/div><\/div><\/div><\/div><\/div><\/div><\/div><!-- cell_inner --><\/div><!-- cell --><\/div><!-- port --><\/section><\/p>\n","protected":false},"excerpt":{"rendered":"","protected":false},"author":2,"featured_media":0,"parent":4605,"menu_order":0,"comment_status":"closed","ping_status":"closed","template":"","meta":{"footnotes":""},"class_list":["post-4807","page","type-page","status-publish","hentry"],"_links":{"self":[{"href":"https:\/\/q4h.eu\/fr\/wp-json\/wp\/v2\/pages\/4807","targetHints":{"allow":["GET"]}}],"collection":[{"href":"https:\/\/q4h.eu\/fr\/wp-json\/wp\/v2\/pages"}],"about":[{"href":"https:\/\/q4h.eu\/fr\/wp-json\/wp\/v2\/types\/page"}],"author":[{"embeddable":true,"href":"https:\/\/q4h.eu\/fr\/wp-json\/wp\/v2\/users\/2"}],"replies":[{"embeddable":true,"href":"https:\/\/q4h.eu\/fr\/wp-json\/wp\/v2\/comments?post=4807"}],"version-history":[{"count":14,"href":"https:\/\/q4h.eu\/fr\/wp-json\/wp\/v2\/pages\/4807\/revisions"}],"predecessor-version":[{"id":4849,"href":"https:\/\/q4h.eu\/fr\/wp-json\/wp\/v2\/pages\/4807\/revisions\/4849"}],"up":[{"embeddable":true,"href":"https:\/\/q4h.eu\/fr\/wp-json\/wp\/v2\/pages\/4605"}],"wp:attachment":[{"href":"https:\/\/q4h.eu\/fr\/wp-json\/wp\/v2\/media?parent=4807"}],"curies":[{"name":"wp","href":"https:\/\/api.w.org\/{rel}","templated":true}]}}