{"id":4597,"date":"2020-03-23T09:03:14","date_gmt":"2020-03-23T08:03:14","guid":{"rendered":"https:\/\/q4h.eu\/services-2\/"},"modified":"2025-03-07T18:40:17","modified_gmt":"2025-03-07T17:40:17","slug":"services-2","status":"publish","type":"page","link":"https:\/\/q4h.eu\/fr\/services-2\/","title":{"rendered":"Services"},"content":{"rendered":"<p><section data-bb-version=\"5.0.5\" id=\"bt_bb_section69eb96e4e287b\" class=\"bt_bb_section bt_bb_color_scheme_10 bt_bb_layout_boxed_1200 bt_bb_vertical_align_top bt_bb_bottom_section_coverage_image bt_bb_section_with_bottom_coverage_image bt_bb_top_spacing_large bt_bb_bottom_spacing_extra_large\" style=\"; --section-primary-color:#ffffff; --section-secondary-color:#10113d;\" data-bt-override-class=\"{&quot;bt_bb_top_spacing_&quot;:{&quot;current_class&quot;:&quot;bt_bb_top_spacing_large&quot;,&quot;xxl&quot;:&quot;large&quot;},&quot;bt_bb_bottom_spacing_&quot;:{&quot;current_class&quot;:&quot;bt_bb_bottom_spacing_extra_large&quot;,&quot;xxl&quot;:&quot;extra_large&quot;}}\"><div class=\"bt_bb_background_image_holder_wrapper\"><div class=\"bt_bb_background_image_holder btLazyLoadBackground bt_bb_parallax\"  data-background_image_src=\"https:\/\/q4h.eu\/wp-content\/uploads\/2024\/11\/Services-Q4H.png\" data-parallax=\"0.7\" data-parallax-offset=\"0\" data-parallax-zoom-start=\"1\" data-parallax-zoom-end=\"1\" data-parallax-blur-start=\"0\" data-parallax-blur-end=\"0\" data-parallax-opacity-start=\"1\" data-parallax-opacity-end=\"1\" style=\" background-image: url(&#039;https:\/\/q4h.eu\/wp-content\/plugins\/bold-page-builder\/img\/blank.gif&#039;);\"><\/div><\/div><div class=\"bt_bb_port\"><div class=\"bt_bb_cell\"><div class=\"bt_bb_cell_inner\"><div class=\"bt_bb_row \"  data-bt-override-class=\"{}\"><div class=\"bt_bb_row_holder\" ><div  class=\"bt_bb_column col-xxl-8 col-xl-8 bt_bb_vertical_align_top bt_bb_align_left bt_bb_padding_normal bt_bb_animation_fade_in animate\" style=\"; --column-width:8;\" data-width=\"8\" data-bt-override-class=\"{}\"><div class=\"bt_bb_column_content\"><div class=\"bt_bb_column_content_inner\"><header data-bb-version=\"5.0.5\" class=\"bt_bb_headline bt_bb_color_scheme_2 bt_bb_dash_top bt_bb_superheadline bt_bb_subheadline bt_bb_size_large bt_bb_align_inherit\" style=\"; --primary-color:#191919; --secondary-color:#ffffff;\" data-bt-override-class=\"{&quot;bt_bb_size_&quot;:{&quot;current_class&quot;:&quot;bt_bb_size_large&quot;,&quot;xxl&quot;:&quot;large&quot;},&quot;bt_bb_align_&quot;:{&quot;current_class&quot;:&quot;bt_bb_align_inherit&quot;,&quot;xxl&quot;:&quot;inherit&quot;}}\"><h1 class=\"bt_bb_headline_tag\"><span class=\"bt_bb_headline_superheadline\">CE QUE NOUS POUVONS FAIRE<\/span><span class=\"bt_bb_headline_content\"><span>Nos services<\/span><\/span><\/h1><div class=\"bt_bb_headline_subheadline\">Audit, formation et soutien, gestion int\u00e9rimaire, assurance de la st\u00e9rilit\u00e9, responsabilit\u00e9 pharmaceutique<\/div><\/header><\/div><\/div><\/div><div  class=\"bt_bb_column col-xxl-4 col-xl-4 bt_bb_vertical_align_top bt_bb_align_left bt_bb_padding_normal\" style=\"; --column-width:4;\" data-width=\"4\" data-bt-override-class=\"{}\"><div class=\"bt_bb_column_content\"><div class=\"bt_bb_column_content_inner\"><\/div><\/div><\/div><\/div><\/div><\/div><!-- cell_inner --><\/div><!-- cell --><\/div><!-- port --><div class=\"bt_bb_section_bottom_section_coverage_image\"><img decoding=\"async\" src=\"https:\/\/novalab.bold-themes.com\/nova-a\/wp-content\/uploads\/sites\/7\/2020\/04\/bottom_cover_3.png\" alt=\"bt_bb_section_bottom_section_coverage_image\" \/><\/div><\/section><section id=\"bt_bb_section69eb96e4e2b7a\" class=\"bt_bb_section bt_bb_color_scheme_15 bt_bb_layout_boxed_1200 bt_bb_vertical_align_top bt_bb_background_overlay_light_top_gradient bt_bb_top_spacing_medium\" style=\"z-index: 2;; --section-primary-color:#10113d; --section-secondary-color:#eaeef3;\" data-bt-override-class=\"null\"><div class=\"bt_bb_port\"><div class=\"bt_bb_cell\"><div class=\"bt_bb_cell_inner\"><div class=\"bt_bb_row \"  data-bt-override-class=\"{}\"><div class=\"bt_bb_row_holder\" ><div  class=\"bt_bb_column col-xxl-6 col-xl-6 col-xs-12 col-sm-6 col-md-6 col-lg-6 bt_bb_vertical_align_top bt_bb_align_center bt_bb_padding_normal bt_bb_animation_fade_in animate\" style=\"; --column-width:6;\" data-width=\"6\" data-bt-override-class=\"{}\"><div class=\"bt_bb_column_content\"><div class=\"bt_bb_column_content_inner\"><div data-bb-version=\"5.0.5\" class=\"bt_bb_card_image bt_bb_border_show bt_bb_size_small bt_bb_shadow_show\"><div class=\"bt_bb_card_image_background\">\r\n\t\t\t<div class=\"bt_bb_image bt_bb_shape_square bt_bb_target_self\" data-bt-override-class=\"{}\"><a href=\"https:\/\/q4h.eu\/services\/single-service\/\"  target=\"_self\" title=\"Audits, inspections\"><img loading=\"lazy\" decoding=\"async\" width=\"350\" height=\"300\" src=\"https:\/\/q4h.eu\/wp-content\/uploads\/2024\/08\/audit-350x300-3.png\" class=\"attachment-full size-full\" alt=\"Audits, inspections\" data-full_image_src=\"https:\/\/q4h.eu\/wp-content\/uploads\/2024\/08\/audit-350x300-3.png\" title=\"Audits, inspections\" srcset=\"https:\/\/q4h.eu\/wp-content\/uploads\/2024\/08\/audit-350x300-3.png 350w, https:\/\/q4h.eu\/wp-content\/uploads\/2024\/08\/audit-350x300-3-320x274.png 320w\" sizes=\"auto, (max-width: 350px) 100vw, 350px\" \/><\/a><\/div>\r\n\t\t<\/div><div class=\"bt_bb_card_image_text_box\"><div class=\"bt_bb_card_image_title\"><header class=\"bt_bb_headline bt_bb_subheadline bt_bb_size_small\" data-bt-override-class=\"{}\"><h3 class=\"bt_bb_headline_tag\"><span class=\"bt_bb_headline_content\"><span><a href=\"https:\/\/q4h.eu\/services\/single-service\/\" target=\"_self\" title=\"Audits, inspections\">Audits, inspections<\/a><\/span><\/span><\/h3><div class=\"bt_bb_headline_subheadline\">&amp; R\u00e9ponses aux Questions <\/div><\/header><\/div><div class=\"bt_bb_card_image_text\">Pr\u00e9paration, dry run, support pendant les inspections, coaching, r\u00e9ponses<\/div><div class=\"bt_bb_card_image_content_inner\"><div class=\"bt_bb_separator bt_bb_border_style_none bt_bb_border_color_none bt_bb_bottom_spacing_20\" data-bt-override-class=\"null\"><\/div><div data-bb-version=\"5.0.5\" class=\"bt_bb_button bt_bb_color_scheme_3 bt_bb_icon_position_right bt_bb_style_clean bt_bb_size_medium bt_bb_width_inline bt_bb_shape_inherit bt_bb_target_self bt_bb_text_transform_inherit bt_bb_align_inherit\" style=\"; --primary-color:#33d1cb; --secondary-color:#191919;\" data-bt-override-class=\"{&quot;bt_bb_size_&quot;:{&quot;current_class&quot;:&quot;bt_bb_size_medium&quot;,&quot;xxl&quot;:&quot;medium&quot;},&quot;bt_bb_align_&quot;:{&quot;current_class&quot;:&quot;bt_bb_align_inherit&quot;,&quot;xxl&quot;:&quot;inherit&quot;}}\"><a href=\"https:\/\/q4h.eu\/fr\/audits-inspections\/\" target=\"_self\" class=\"bt_bb_link\" title=\"EN SAVOIR PLUS\"><span class=\"bt_bb_button_text\" >EN SAVOIR PLUS<\/span><span  data-ico-fontawesome5solid=\"&#xf105;\" class=\"bt_bb_icon_holder\"><\/span><\/a><\/div><\/div><\/div><\/div><div class=\"bt_bb_separator bt_bb_border_style_none bt_bb_border_color_none bt_bb_bottom_spacing_40\" data-bt-override-class=\"null\"><\/div><div data-bb-version=\"5.0.5\" class=\"bt_bb_card_image bt_bb_size_small bt_bb_shadow_show\"><div class=\"bt_bb_card_image_background\">\r\n\t\t\t<div class=\"bt_bb_image bt_bb_shape_square bt_bb_target_self\" data-bt-override-class=\"{}\"><a href=\"https:\/\/q4h.eu\/fr\/services\/\"  target=\"_self\" title=\"Management de transition\"><img loading=\"lazy\" decoding=\"async\" width=\"350\" height=\"300\" src=\"https:\/\/q4h.eu\/wp-content\/uploads\/2024\/08\/Q4H-interim_management.png\" class=\"attachment-full size-full\" alt=\"Management de transition\" data-full_image_src=\"https:\/\/q4h.eu\/wp-content\/uploads\/2024\/08\/Q4H-interim_management.png\" title=\"Management de transition\" srcset=\"https:\/\/q4h.eu\/wp-content\/uploads\/2024\/08\/Q4H-interim_management.png 350w, https:\/\/q4h.eu\/wp-content\/uploads\/2024\/08\/Q4H-interim_management-320x274.png 320w\" sizes=\"auto, (max-width: 350px) 100vw, 350px\" \/><\/a><\/div>\r\n\t\t<\/div><div class=\"bt_bb_card_image_text_box\"><div class=\"bt_bb_card_image_title\"><header class=\"bt_bb_headline bt_bb_size_small\" data-bt-override-class=\"{}\"><h3 class=\"bt_bb_headline_tag\"><span class=\"bt_bb_headline_content\"><span><a href=\"https:\/\/q4h.eu\/fr\/services\/\" target=\"_self\" title=\"Management de transition\">Management de transition<\/a><\/span><\/span><\/h3><\/header><\/div><div class=\"bt_bb_card_image_text\">Management de transition en Op\u00e9rations, Qualit\u00e9 et Gestion d'\u00e9quipes <\/div><div class=\"bt_bb_card_image_content_inner\"><div class=\"bt_bb_separator bt_bb_border_style_none bt_bb_border_color_none bt_bb_bottom_spacing_20\" data-bt-override-class=\"null\"><\/div><div data-bb-version=\"5.0.5\" class=\"bt_bb_button bt_bb_color_scheme_3 bt_bb_icon_position_right bt_bb_style_clean bt_bb_size_medium bt_bb_width_inline bt_bb_shape_inherit bt_bb_target_self bt_bb_text_transform_inherit bt_bb_align_inherit\" style=\"; --primary-color:#33d1cb; --secondary-color:#191919;\" data-bt-override-class=\"{&quot;bt_bb_size_&quot;:{&quot;current_class&quot;:&quot;bt_bb_size_medium&quot;,&quot;xxl&quot;:&quot;medium&quot;},&quot;bt_bb_align_&quot;:{&quot;current_class&quot;:&quot;bt_bb_align_inherit&quot;,&quot;xxl&quot;:&quot;inherit&quot;}}\"><a href=\"https:\/\/q4h.eu\/fr\/services-2\/gestion-interimaire\/\" target=\"_self\" class=\"bt_bb_link\" title=\"EN SAVOIR PLUS\"><span class=\"bt_bb_button_text\" >EN SAVOIR PLUS<\/span><span  data-ico-fontawesome5solid=\"&#xf105;\" class=\"bt_bb_icon_holder\"><\/span><\/a><\/div><\/div><\/div><\/div><div class=\"bt_bb_separator bt_bb_border_style_none bt_bb_border_color_none bt_bb_bottom_spacing_40\" data-bt-override-class=\"null\"><\/div><div data-bb-version=\"5.0.5\" class=\"bt_bb_card_image bt_bb_size_small bt_bb_shadow_show\"><div class=\"bt_bb_card_image_background\">\r\n\t\t\t<div class=\"bt_bb_image bt_bb_shape_square bt_bb_target_self\" data-bt-override-class=\"{}\"><a href=\"https:\/\/q4h.eu\/fr\/services\/\"  target=\"_self\" title=\"Assurance de St\u00e9rilit\u00e9\"><img loading=\"lazy\" decoding=\"async\" width=\"350\" height=\"300\" src=\"https:\/\/q4h.eu\/wp-content\/uploads\/2024\/08\/Q4H_Assurance_sterile.png\" class=\"attachment-full size-full\" alt=\"Assurance de St\u00e9rilit\u00e9\" data-full_image_src=\"https:\/\/q4h.eu\/wp-content\/uploads\/2024\/08\/Q4H_Assurance_sterile.png\" title=\"Assurance de St\u00e9rilit\u00e9\" srcset=\"https:\/\/q4h.eu\/wp-content\/uploads\/2024\/08\/Q4H_Assurance_sterile.png 350w, https:\/\/q4h.eu\/wp-content\/uploads\/2024\/08\/Q4H_Assurance_sterile-320x274.png 320w\" sizes=\"auto, (max-width: 350px) 100vw, 350px\" \/><\/a><\/div>\r\n\t\t<\/div><div class=\"bt_bb_card_image_text_box\"><div class=\"bt_bb_card_image_title\"><header class=\"bt_bb_headline bt_bb_subheadline bt_bb_size_small\" data-bt-override-class=\"{}\"><h3 class=\"bt_bb_headline_tag\"><span class=\"bt_bb_headline_content\"><span><a href=\"https:\/\/q4h.eu\/fr\/services\/\" target=\"_self\" title=\"Assurance de St\u00e9rilit\u00e9\">Assurance de St\u00e9rilit\u00e9<\/a><\/span><\/span><\/h3><div class=\"bt_bb_headline_subheadline\">Pratiques aseptiques, surveillance environnementale, investigations - incluant les utilit\u00e9s<\/div><\/header><\/div><div class=\"bt_bb_card_image_content_inner\"><div class=\"bt_bb_separator bt_bb_border_style_none bt_bb_border_color_none bt_bb_bottom_spacing_20\" data-bt-override-class=\"null\"><\/div><div data-bb-version=\"5.0.5\" class=\"bt_bb_button bt_bb_color_scheme_3 bt_bb_icon_position_right bt_bb_style_clean bt_bb_size_medium bt_bb_width_inline bt_bb_shape_inherit bt_bb_target_self bt_bb_text_transform_inherit bt_bb_align_inherit\" style=\"; --primary-color:#33d1cb; --secondary-color:#191919;\" data-bt-override-class=\"{&quot;bt_bb_size_&quot;:{&quot;current_class&quot;:&quot;bt_bb_size_medium&quot;,&quot;xxl&quot;:&quot;medium&quot;},&quot;bt_bb_align_&quot;:{&quot;current_class&quot;:&quot;bt_bb_align_inherit&quot;,&quot;xxl&quot;:&quot;inherit&quot;}}\"><a href=\"https:\/\/q4h.eu\/fr\/services-2\/assurance-de-la-sterilite\/\" target=\"_self\" class=\"bt_bb_link\" title=\"EN SAVOIR PLUS\"><span class=\"bt_bb_button_text\" >EN SAVOIR PLUS<\/span><span  data-ico-fontawesome5solid=\"&#xf105;\" class=\"bt_bb_icon_holder\"><\/span><\/a><\/div><\/div><\/div><\/div><div class=\"bt_bb_separator bt_bb_border_style_none bt_bb_bottom_spacing_medium\" data-bt-override-class=\"null\"><\/div><\/div><\/div><\/div><div  class=\"bt_bb_column col-xxl-6 col-xl-6 col-xs-12 col-sm-6 col-md-6 col-lg-6 bt_bb_vertical_align_top bt_bb_align_center bt_bb_padding_normal bt_bb_animation_fade_in animate\" style=\"; --column-width:6;\" data-width=\"6\" data-bt-override-class=\"{}\"><div class=\"bt_bb_column_content\"><div class=\"bt_bb_column_content_inner\"><div class=\"bt_bb_separator bt_bb_border_style_none bt_bb_top_spacing_normal bt_bb_bottom_spacing_medium bt_bb_hidden_xs bt_bb_hidden_ms bt_bb_hidden_sm\" data-bt-override-class=\"null\"><\/div><div data-bb-version=\"5.0.5\" class=\"bt_bb_card_image bt_bb_border_show bt_bb_size_small bt_bb_shadow_show\"><div class=\"bt_bb_card_image_background\">\r\n\t\t\t<div class=\"bt_bb_image bt_bb_shape_square bt_bb_target_self\" data-bt-override-class=\"{}\"><a href=\"https:\/\/q4h.eu\/fr\/services\/\"  target=\"_self\" title=\"Formation, coaching &amp; mentoring, Formation sur le terrain\"><img loading=\"lazy\" decoding=\"async\" width=\"350\" height=\"300\" src=\"https:\/\/q4h.eu\/wp-content\/uploads\/2024\/08\/Q4H-formation-icon.png\" class=\"attachment-full size-full\" alt=\"Formation, coaching &amp; mentoring, Formation sur le terrain\" data-full_image_src=\"https:\/\/q4h.eu\/wp-content\/uploads\/2024\/08\/Q4H-formation-icon.png\" title=\"Formation, coaching &amp; mentoring, Formation sur le terrain\" srcset=\"https:\/\/q4h.eu\/wp-content\/uploads\/2024\/08\/Q4H-formation-icon.png 350w, https:\/\/q4h.eu\/wp-content\/uploads\/2024\/08\/Q4H-formation-icon-320x274.png 320w\" sizes=\"auto, (max-width: 350px) 100vw, 350px\" \/><\/a><\/div>\r\n\t\t<\/div><div class=\"bt_bb_card_image_text_box\"><div class=\"bt_bb_card_image_title\"><header class=\"bt_bb_headline bt_bb_size_small\" data-bt-override-class=\"{}\"><h3 class=\"bt_bb_headline_tag\"><span class=\"bt_bb_headline_content\"><span><a href=\"https:\/\/q4h.eu\/fr\/services\/\" target=\"_self\" title=\"Formation, coaching &amp; mentoring, Formation sur le terrain\">Formation, coaching &amp; mentoring, Formation sur le terrain<\/a><\/span><\/span><\/h3><\/header><\/div><div class=\"bt_bb_card_image_content_inner\"><div class=\"bt_bb_separator bt_bb_border_style_none bt_bb_border_color_none bt_bb_bottom_spacing_20\" data-bt-override-class=\"null\"><\/div><div data-bb-version=\"5.0.5\" class=\"bt_bb_button bt_bb_color_scheme_3 bt_bb_icon_position_right bt_bb_style_clean bt_bb_size_medium bt_bb_width_inline bt_bb_shape_inherit bt_bb_target_self bt_bb_text_transform_inherit bt_bb_align_inherit\" style=\"; --primary-color:#33d1cb; --secondary-color:#191919;\" data-bt-override-class=\"{&quot;bt_bb_size_&quot;:{&quot;current_class&quot;:&quot;bt_bb_size_medium&quot;,&quot;xxl&quot;:&quot;medium&quot;},&quot;bt_bb_align_&quot;:{&quot;current_class&quot;:&quot;bt_bb_align_inherit&quot;,&quot;xxl&quot;:&quot;inherit&quot;}}\"><a href=\"https:\/\/q4h.eu\/fr\/services-2\/coaching-et-mentorat\/\" target=\"_self\" class=\"bt_bb_link\" title=\"D\u00c9COUVREZ NOS FORMATIONS\"><span class=\"bt_bb_button_text\" >D\u00c9COUVREZ NOS FORMATIONS<\/span><span  data-ico-fontawesome5solid=\"&#xf105;\" class=\"bt_bb_icon_holder\"><\/span><\/a><\/div><\/div><\/div><\/div><div class=\"bt_bb_separator bt_bb_border_style_none bt_bb_border_color_none bt_bb_bottom_spacing_40\" data-bt-override-class=\"null\"><\/div><div data-bb-version=\"5.0.5\" class=\"bt_bb_card_image bt_bb_size_small bt_bb_shadow_show\"><div class=\"bt_bb_card_image_background\">\r\n\t\t\t<div class=\"bt_bb_image bt_bb_shape_square bt_bb_target_self\" data-bt-override-class=\"{}\"><a href=\"https:\/\/q4h.eu\/fr\/services\/\"  target=\"_self\" title=\"Pharmacien Responsable\"><img loading=\"lazy\" decoding=\"async\" width=\"350\" height=\"300\" src=\"https:\/\/q4h.eu\/wp-content\/uploads\/2024\/08\/Q4H_responsabilite.png\" class=\"attachment-full size-full\" alt=\"Pharmacien Responsable\" data-full_image_src=\"https:\/\/q4h.eu\/wp-content\/uploads\/2024\/08\/Q4H_responsabilite.png\" title=\"Pharmacien Responsable\" srcset=\"https:\/\/q4h.eu\/wp-content\/uploads\/2024\/08\/Q4H_responsabilite.png 350w, https:\/\/q4h.eu\/wp-content\/uploads\/2024\/08\/Q4H_responsabilite-320x274.png 320w\" sizes=\"auto, (max-width: 350px) 100vw, 350px\" \/><\/a><\/div>\r\n\t\t<\/div><div class=\"bt_bb_card_image_text_box\"><div class=\"bt_bb_card_image_title\"><header class=\"bt_bb_headline bt_bb_size_small\" data-bt-override-class=\"{}\"><h3 class=\"bt_bb_headline_tag\"><span class=\"bt_bb_headline_content\"><span><a href=\"https:\/\/q4h.eu\/fr\/services\/\" target=\"_self\" title=\"Pharmacien Responsable\">Pharmacien Responsable<\/a><\/span><\/span><\/h3><\/header><\/div><div class=\"bt_bb_card_image_text\">Eligible \u00e0 la Responsabilit\u00e9 Pharmaceutique au regard de l'article L. 5124-2 du Code de la Sant\u00e9 Publique <\/div><div class=\"bt_bb_card_image_content_inner\"><div class=\"bt_bb_separator bt_bb_border_style_none bt_bb_border_color_none bt_bb_bottom_spacing_20\" data-bt-override-class=\"null\"><\/div><div data-bb-version=\"5.0.5\" class=\"bt_bb_button bt_bb_color_scheme_3 bt_bb_icon_position_right bt_bb_style_clean bt_bb_size_medium bt_bb_width_inline bt_bb_shape_inherit bt_bb_target_self bt_bb_text_transform_inherit bt_bb_align_inherit\" style=\"; --primary-color:#33d1cb; --secondary-color:#191919;\" data-bt-override-class=\"{&quot;bt_bb_size_&quot;:{&quot;current_class&quot;:&quot;bt_bb_size_medium&quot;,&quot;xxl&quot;:&quot;medium&quot;},&quot;bt_bb_align_&quot;:{&quot;current_class&quot;:&quot;bt_bb_align_inherit&quot;,&quot;xxl&quot;:&quot;inherit&quot;}}\"><a href=\"https:\/\/q4h.eu\/fr\/services-2\/legislation-francaise\/\" target=\"_self\" class=\"bt_bb_link\" title=\"EN SAVOIR PLUS\"><span class=\"bt_bb_button_text\" >EN SAVOIR PLUS<\/span><span  data-ico-fontawesome5solid=\"&#xf105;\" class=\"bt_bb_icon_holder\"><\/span><\/a><\/div><\/div><\/div><\/div><div class=\"bt_bb_separator bt_bb_border_style_none bt_bb_bottom_spacing_medium\" data-bt-override-class=\"null\"><\/div><div data-bb-version=\"5.2.1\" class=\"bt_bb_floating_image bt_bb_shape_triangle bt_bb_floating_image_horizontal_position_default bt_bb_floating_image_vertical_position_default bt_bb_floating_image_animation_delay_default bt_bb_floating_image_animation_duration_default bt_bb_floating_image_animation_style_ease_out\" data-speed=\"1.0\"><div class=\"bt_bb_floating_image_image\" data-speed=\"1.0\"><div class=\"bt_bb_image bt_bb_shape_triangle\" data-bt-override-class=\"{}\"><span><img fetchpriority=\"high\" decoding=\"async\" width=\"1920\" height=\"1080\" src=\"https:\/\/q4h.eu\/wp-content\/uploads\/2024\/11\/Services-Q4H-1.png\" class=\"attachment-full size-full\" alt=\"https:\/\/q4h.eu\/wp-content\/uploads\/2024\/11\/Services-Q4H-1.png\" data-full_image_src=\"https:\/\/q4h.eu\/wp-content\/uploads\/2024\/11\/Services-Q4H-1.png\" title=\"Services-Q4H\" loading=\"eager\" srcset=\"https:\/\/q4h.eu\/wp-content\/uploads\/2024\/11\/Services-Q4H-1.png 1920w, https:\/\/q4h.eu\/wp-content\/uploads\/2024\/11\/Services-Q4H-1-640x360.png 640w, https:\/\/q4h.eu\/wp-content\/uploads\/2024\/11\/Services-Q4H-1-1280x720.png 1280w, https:\/\/q4h.eu\/wp-content\/uploads\/2024\/11\/Services-Q4H-1-768x432.png 768w, https:\/\/q4h.eu\/wp-content\/uploads\/2024\/11\/Services-Q4H-1-1536x864.png 1536w, https:\/\/q4h.eu\/wp-content\/uploads\/2024\/11\/Services-Q4H-1-320x180.png 320w\" sizes=\"(max-width: 1920px) 100vw, 1920px\" \/><\/span><\/div><\/div><\/div><\/div><\/div><\/div><\/div><\/div><\/div><!-- cell_inner --><\/div><!-- cell --><\/div><!-- port --><\/section><\/p>\n","protected":false},"excerpt":{"rendered":"","protected":false},"author":2,"featured_media":0,"parent":0,"menu_order":0,"comment_status":"closed","ping_status":"closed","template":"","meta":{"footnotes":""},"class_list":["post-4597","page","type-page","status-publish","hentry"],"_links":{"self":[{"href":"https:\/\/q4h.eu\/fr\/wp-json\/wp\/v2\/pages\/4597","targetHints":{"allow":["GET"]}}],"collection":[{"href":"https:\/\/q4h.eu\/fr\/wp-json\/wp\/v2\/pages"}],"about":[{"href":"https:\/\/q4h.eu\/fr\/wp-json\/wp\/v2\/types\/page"}],"author":[{"embeddable":true,"href":"https:\/\/q4h.eu\/fr\/wp-json\/wp\/v2\/users\/2"}],"replies":[{"embeddable":true,"href":"https:\/\/q4h.eu\/fr\/wp-json\/wp\/v2\/comments?post=4597"}],"version-history":[{"count":12,"href":"https:\/\/q4h.eu\/fr\/wp-json\/wp\/v2\/pages\/4597\/revisions"}],"predecessor-version":[{"id":4845,"href":"https:\/\/q4h.eu\/fr\/wp-json\/wp\/v2\/pages\/4597\/revisions\/4845"}],"wp:attachment":[{"href":"https:\/\/q4h.eu\/fr\/wp-json\/wp\/v2\/media?parent=4597"}],"curies":[{"name":"wp","href":"https:\/\/api.w.org\/{rel}","templated":true}]}}