{"id":4544,"date":"2024-08-24T18:52:24","date_gmt":"2024-08-24T16:52:24","guid":{"rendered":"https:\/\/q4h.eu\/q4h-clients-2\/"},"modified":"2024-12-23T22:30:47","modified_gmt":"2024-12-23T21:30:47","slug":"q4h-clients-2","status":"publish","type":"page","link":"https:\/\/q4h.eu\/fr\/q4h-clients-2\/","title":{"rendered":"Q4H-clients"},"content":{"rendered":"<p><section id=\"bt_bb_section69eb989ee6b97\" class=\"bt_bb_section bt_bb_color_scheme_10 bt_bb_layout_boxed_1200 bt_bb_vertical_align_top bt_bb_bottom_section_coverage_image bt_bb_section_with_bottom_coverage_image bt_bb_top_spacing_large bt_bb_bottom_spacing_extra_large\" style=\"; --section-primary-color:#ffffff; --section-secondary-color:#10113d;\" data-bt-override-class=\"null\"><div class=\"bt_bb_background_image_holder_wrapper\"><div class=\"bt_bb_background_image_holder bt_bb_parallax\"  data-parallax=\"0.7\" data-parallax-offset=\"0\" data-parallax-zoom-start=\"1\" data-parallax-zoom-end=\"1\" data-parallax-blur-start=\"0\" data-parallax-blur-end=\"0\" data-parallax-opacity-start=\"1\" data-parallax-opacity-end=\"1\" style=\" background-image:url(&#039;https:\/\/q4h.eu\/wp-content\/uploads\/2024\/11\/Clients-q4h-2-1.png&#039;);\"><\/div><\/div><div class=\"bt_bb_port\"><div class=\"bt_bb_cell\"><div class=\"bt_bb_cell_inner\"><div class=\"bt_bb_row \"  data-bt-override-class=\"{}\"><div class=\"bt_bb_row_holder\" ><\/div><\/div><\/div><!-- cell_inner --><\/div><!-- cell --><\/div><!-- port --><div class=\"bt_bb_section_bottom_section_coverage_image\"><img decoding=\"async\" src=\"https:\/\/novalab.bold-themes.com\/nova-a\/wp-content\/uploads\/sites\/7\/2020\/04\/bottom_cover_3.png\" alt=\"bt_bb_section_bottom_section_coverage_image\" \/><\/div><\/section><section data-bb-version=\"5.2.1\" id=\"bt_bb_section69eb989ee6c82\" class=\"bt_bb_section bt_bb_layout_boxed_1200\"  data-bt-override-class=\"null\"><div class=\"bt_bb_port\"><div class=\"bt_bb_cell\"><div class=\"bt_bb_cell_inner\"><div class=\"bt_bb_row \"  data-bt-override-class=\"{}\"><div class=\"bt_bb_row_holder\" ><div data-bb-version=\"5.2.1\"  class=\"bt_bb_column col-xxl-12 col-xl-12 col-xs-12 col-sm-12 col-md-12 col-lg-12 bt_bb_vertical_align_top bt_bb_align_left bt_bb_padding_normal\" style=\"; --column-width:12;\" data-width=\"12\" data-bt-override-class=\"{}\"><div class=\"bt_bb_column_content\"><div class=\"bt_bb_column_content_inner\"><header data-bb-version=\"5.2.1\" class=\"bt_bb_headline bt_bb_dash_none bt_bb_superheadline bt_bb_superheadline_outside bt_bb_subheadline bt_bb_size_inherit bt_bb_align_inherit\" data-bt-override-class=\"{&quot;bt_bb_size_&quot;:{&quot;current_class&quot;:&quot;bt_bb_size_inherit&quot;,&quot;xxl&quot;:&quot;inherit&quot;},&quot;bt_bb_align_&quot;:{&quot;current_class&quot;:&quot;bt_bb_align_inherit&quot;,&quot;xxl&quot;:&quot;inherit&quot;}}\"><div class=\"bt_bb_headline_superheadline_outside\"><span class=\"bt_bb_headline_superheadline\">NOS CLIENTS<\/span><\/div><h1 class=\"bt_bb_headline_tag\"><span class=\"bt_bb_headline_content\"><span>+ 20 ans d&apos;exp\u00e9rience<\/span><\/span><\/h1><div class=\"bt_bb_headline_subheadline\">D\u00e9velopper des outils d&apos;aide \u00e0 la d\u00e9cision<br \/><br \/>\nAider les entreprises \u00e0 r\u00e9ussir leurs d\u00e9fis<br \/><br \/>\nAccompagner l&apos;\u00e9volution des pratiques, des r\u00e9glementations ou des produits<\/div><\/header><\/div><\/div><\/div><\/div><\/div><\/div><!-- cell_inner --><\/div><!-- cell --><\/div><!-- port --><\/section><section id=\"bt_bb_section69eb989ee6f34\" class=\"bt_bb_section bt_bb_layout_boxed_1200 bt_bb_vertical_align_top bt_bb_bottom_spacing_large\"  data-bt-override-class=\"null\"><div class=\"bt_bb_port\"><div class=\"bt_bb_cell\"><div class=\"bt_bb_cell_inner\"><div class=\"bt_bb_row  bt_bb_column_gap_5\" style=\"; --column-gap:5px;\" data-bt-override-class=\"{}\"><div class=\"bt_bb_row_holder\" ><div  class=\"bt_bb_column col-xxl-12 col-xl-12 bt_bb_vertical_align_top bt_bb_align_center bt_bb_padding_normal bt_bb_animation_fade_in animate\" style=\"; --column-width:12;\" data-width=\"12\" data-bt-override-class=\"{}\"><div class=\"bt_bb_column_content\"><div class=\"bt_bb_column_content_inner\"><div data-bb-version=\"5.0.5\" class=\"bt_bb_separator btWithText bt_bb_border_style_solid bt_bb_border_color_none bt_bb_top_spacing_medium bt_bb_bottom_spacing_medium\" data-bt-override-class=\"{&quot;bt_bb_top_spacing_&quot;:{&quot;current_class&quot;:&quot;bt_bb_top_spacing_medium&quot;,&quot;xxl&quot;:&quot;medium&quot;},&quot;bt_bb_bottom_spacing_&quot;:{&quot;current_class&quot;:&quot;bt_bb_bottom_spacing_medium&quot;,&quot;xxl&quot;:&quot;medium&quot;}}\"><span class=\"bt_bb_separator_text\">Ils nous ont fait confiance<\/span><\/div><\/div><\/div><\/div><\/div><\/div><div class=\"bt_bb_row \"  data-bt-override-class=\"{}\"><div class=\"bt_bb_row_holder\" ><div  class=\"bt_bb_column col-xxl-3 col-xl-3 bt_bb_vertical_align_top bt_bb_align_left bt_bb_padding_normal bt_bb_animation_fade_in animate bt_bb_right_border bt_bb_border_color_dark\" style=\"; --column-width:3;\" data-width=\"3\" data-bt-override-class=\"{}\"><div class=\"bt_bb_column_content\"><div class=\"bt_bb_column_content_inner\"><div data-bb-version=\"5.0.5\" class=\"bt_bb_image bt_bb_shape_square bt_bb_target_self bt_bb_align_inherit bt_bb_hover_style_simple bt_bb_content_display_always bt_bb_content_align_middle\" data-bt-override-class=\"{&quot;bt_bb_align_&quot;:{&quot;current_class&quot;:&quot;bt_bb_align_inherit&quot;,&quot;xxl&quot;:&quot;inherit&quot;},&quot;bt_bb_content_display_&quot;:{&quot;current_class&quot;:&quot;bt_bb_content_display_always&quot;,&quot;xxl&quot;:&quot;always&quot;}}\"><span><img loading=\"lazy\" decoding=\"async\" width=\"350\" height=\"200\" src=\"https:\/\/q4h.eu\/wp-content\/uploads\/2024\/08\/logo-Urgo-3.png\" class=\"attachment-full size-full\" alt=\"https:\/\/q4h.eu\/wp-content\/uploads\/2024\/08\/logo-Urgo-3.png\" data-full_image_src=\"https:\/\/q4h.eu\/wp-content\/uploads\/2024\/08\/logo-Urgo-3.png\" title=\"logo-Urgo-3\" srcset=\"https:\/\/q4h.eu\/wp-content\/uploads\/2024\/08\/logo-Urgo-3.png 350w, https:\/\/q4h.eu\/wp-content\/uploads\/2024\/08\/logo-Urgo-3-320x183.png 320w\" sizes=\"auto, (max-width: 350px) 100vw, 350px\" \/><\/span><\/div><div data-bb-version=\"5.0.5\"  class=\"bt_bb_text\" ><\/p>\n<p style=\"text-align: center\"><em><strong>Dispositif M\u00e9dical<\/strong><\/em><\/p>\n<p style=\"text-align: center\">Formation sur l\u2019A<strong>nalyse de Cause Racine (RCA) <\/strong>et la<strong> ma\u00eetrise des changements (Change Control)<\/strong><br \/><strong>Audit <\/strong>de <strong>sous-traitants (ISO9001, ISO13485)<\/strong><\/p>\n<p>\n<\/div><div data-bb-version=\"5.0.5\" class=\"bt_bb_separator bt_bb_border_style_none bt_bb_border_color_none bt_bb_top_spacing_none bt_bb_bottom_spacing_small\" data-bt-override-class=\"{&quot;bt_bb_top_spacing_&quot;:{&quot;current_class&quot;:&quot;bt_bb_top_spacing_none&quot;,&quot;xxl&quot;:&quot;none&quot;},&quot;bt_bb_bottom_spacing_&quot;:{&quot;current_class&quot;:&quot;bt_bb_bottom_spacing_small&quot;,&quot;xxl&quot;:&quot;small&quot;}}\"><\/div><div data-bb-version=\"5.0.5\" class=\"bt_bb_separator bt_bb_border_style_none bt_bb_border_color_gray bt_bb_top_spacing_none bt_bb_bottom_spacing_small\" data-bt-override-class=\"{&quot;bt_bb_top_spacing_&quot;:{&quot;current_class&quot;:&quot;bt_bb_top_spacing_none&quot;,&quot;xxl&quot;:&quot;none&quot;},&quot;bt_bb_bottom_spacing_&quot;:{&quot;current_class&quot;:&quot;bt_bb_bottom_spacing_small&quot;,&quot;xxl&quot;:&quot;small&quot;}}\"><\/div><div data-bb-version=\"5.0.5\" class=\"bt_bb_image bt_bb_shape_square bt_bb_target_self bt_bb_align_inherit bt_bb_hover_style_simple bt_bb_content_display_always bt_bb_content_align_middle\" data-bt-override-class=\"{&quot;bt_bb_align_&quot;:{&quot;current_class&quot;:&quot;bt_bb_align_inherit&quot;,&quot;xxl&quot;:&quot;inherit&quot;},&quot;bt_bb_content_display_&quot;:{&quot;current_class&quot;:&quot;bt_bb_content_display_always&quot;,&quot;xxl&quot;:&quot;always&quot;}}\"><span><img loading=\"lazy\" decoding=\"async\" width=\"350\" height=\"200\" src=\"https:\/\/q4h.eu\/wp-content\/uploads\/2024\/08\/logo-Corden-Pharma.png\" class=\"attachment-full size-full\" alt=\"https:\/\/q4h.eu\/wp-content\/uploads\/2024\/08\/logo-Corden-Pharma.png\" data-full_image_src=\"https:\/\/q4h.eu\/wp-content\/uploads\/2024\/08\/logo-Corden-Pharma.png\" title=\"logo-Corden Pharma\" srcset=\"https:\/\/q4h.eu\/wp-content\/uploads\/2024\/08\/logo-Corden-Pharma.png 350w, https:\/\/q4h.eu\/wp-content\/uploads\/2024\/08\/logo-Corden-Pharma-320x183.png 320w\" sizes=\"auto, (max-width: 350px) 100vw, 350px\" \/><\/span><\/div><div data-bb-version=\"5.0.5\"  class=\"bt_bb_text\" ><\/p>\n<p style=\"text-align: center\"><em>Pr\u00e9c\u00e9demment Peptisyntha<\/em><br \/><em><strong>D\u00e9veloppement et production de principes actifs pharmaceutiques \u2013 fabrication de substances actives utilis\u00e9es comme mati\u00e8re premi\u00e8re (BPF Partie II)<\/strong><\/em><\/p>\n<p style=\"text-align: center\">Revue compl\u00e8te de l\u2019<strong>analyse microbiologique<\/strong> et du <strong>processus d\u2019analyses de tendance<\/strong><\/p>\n<p>\n<\/div><div data-bb-version=\"5.0.5\" class=\"bt_bb_separator bt_bb_border_style_none bt_bb_border_color_none bt_bb_top_spacing_none bt_bb_bottom_spacing_small\" data-bt-override-class=\"{&quot;bt_bb_top_spacing_&quot;:{&quot;current_class&quot;:&quot;bt_bb_top_spacing_none&quot;,&quot;xxl&quot;:&quot;none&quot;},&quot;bt_bb_bottom_spacing_&quot;:{&quot;current_class&quot;:&quot;bt_bb_bottom_spacing_small&quot;,&quot;xxl&quot;:&quot;small&quot;}}\"><\/div><div data-bb-version=\"5.0.5\" class=\"bt_bb_separator bt_bb_border_style_none bt_bb_border_color_gray bt_bb_top_spacing_none bt_bb_bottom_spacing_small\" data-bt-override-class=\"{&quot;bt_bb_top_spacing_&quot;:{&quot;current_class&quot;:&quot;bt_bb_top_spacing_none&quot;,&quot;xxl&quot;:&quot;none&quot;},&quot;bt_bb_bottom_spacing_&quot;:{&quot;current_class&quot;:&quot;bt_bb_bottom_spacing_small&quot;,&quot;xxl&quot;:&quot;small&quot;}}\"><\/div><\/div><\/div><\/div><div  class=\"bt_bb_column col-xxl-3 col-xl-3 bt_bb_vertical_align_top bt_bb_align_left bt_bb_padding_normal bt_bb_animation_fade_in animate bt_bb_right_border bt_bb_border_color_dark\" style=\"; --column-width:3;\" data-width=\"3\" data-bt-override-class=\"{}\"><div class=\"bt_bb_column_content\"><div class=\"bt_bb_column_content_inner\"><div data-bb-version=\"5.0.5\" class=\"bt_bb_image bt_bb_shape_square bt_bb_target_self bt_bb_align_inherit bt_bb_hover_style_simple bt_bb_content_display_always bt_bb_content_align_middle\" data-bt-override-class=\"{&quot;bt_bb_align_&quot;:{&quot;current_class&quot;:&quot;bt_bb_align_inherit&quot;,&quot;xxl&quot;:&quot;inherit&quot;},&quot;bt_bb_content_display_&quot;:{&quot;current_class&quot;:&quot;bt_bb_content_display_always&quot;,&quot;xxl&quot;:&quot;always&quot;}}\"><span><img loading=\"lazy\" decoding=\"async\" width=\"350\" height=\"200\" src=\"https:\/\/q4h.eu\/wp-content\/uploads\/2024\/08\/logo-Delpharm.png\" class=\"attachment-full size-full\" alt=\"https:\/\/q4h.eu\/wp-content\/uploads\/2024\/08\/logo-Delpharm.png\" data-full_image_src=\"https:\/\/q4h.eu\/wp-content\/uploads\/2024\/08\/logo-Delpharm.png\" title=\"logo-Delpharm\" srcset=\"https:\/\/q4h.eu\/wp-content\/uploads\/2024\/08\/logo-Delpharm.png 350w, https:\/\/q4h.eu\/wp-content\/uploads\/2024\/08\/logo-Delpharm-320x183.png 320w\" sizes=\"auto, (max-width: 350px) 100vw, 350px\" \/><\/span><\/div><div data-bb-version=\"5.0.5\"  class=\"bt_bb_text\" ><\/p>\n<p style=\"text-align: center\"><strong><em>Sous-traitant pharmaceutique (CDMO) <\/em><\/strong><\/p>\n<p style=\"text-align: center\"><strong>Interim Management<\/strong> comme <strong>Directeur Qualit\u00e9 ad interim <\/strong>(CQ &amp; AQ), recrutement et r\u00e9organisation, gestion des clients principaux<\/p>\n<p>\n<\/div><div data-bb-version=\"5.0.5\" class=\"bt_bb_separator bt_bb_border_style_none bt_bb_border_color_none bt_bb_top_spacing_none bt_bb_bottom_spacing_small\" data-bt-override-class=\"{&quot;bt_bb_top_spacing_&quot;:{&quot;current_class&quot;:&quot;bt_bb_top_spacing_none&quot;,&quot;xxl&quot;:&quot;none&quot;},&quot;bt_bb_bottom_spacing_&quot;:{&quot;current_class&quot;:&quot;bt_bb_bottom_spacing_small&quot;,&quot;xxl&quot;:&quot;small&quot;}}\"><\/div><div data-bb-version=\"5.0.5\" class=\"bt_bb_separator bt_bb_border_style_none bt_bb_border_color_gray bt_bb_top_spacing_none bt_bb_bottom_spacing_small\" data-bt-override-class=\"{&quot;bt_bb_top_spacing_&quot;:{&quot;current_class&quot;:&quot;bt_bb_top_spacing_none&quot;,&quot;xxl&quot;:&quot;none&quot;},&quot;bt_bb_bottom_spacing_&quot;:{&quot;current_class&quot;:&quot;bt_bb_bottom_spacing_small&quot;,&quot;xxl&quot;:&quot;small&quot;}}\"><\/div><div data-bb-version=\"5.0.5\" class=\"bt_bb_image bt_bb_shape_square bt_bb_target_self bt_bb_align_inherit bt_bb_hover_style_simple bt_bb_content_display_always bt_bb_content_align_middle\" data-bt-override-class=\"{&quot;bt_bb_align_&quot;:{&quot;current_class&quot;:&quot;bt_bb_align_inherit&quot;,&quot;xxl&quot;:&quot;inherit&quot;},&quot;bt_bb_content_display_&quot;:{&quot;current_class&quot;:&quot;bt_bb_content_display_always&quot;,&quot;xxl&quot;:&quot;always&quot;}}\"><span><img loading=\"lazy\" decoding=\"async\" width=\"445\" height=\"113\" src=\"https:\/\/q4h.eu\/wp-content\/uploads\/2024\/11\/superdietr.jpg\" class=\"attachment-full size-full\" alt=\"https:\/\/q4h.eu\/wp-content\/uploads\/2024\/11\/superdietr.jpg\" data-full_image_src=\"https:\/\/q4h.eu\/wp-content\/uploads\/2024\/11\/superdietr.jpg\" title=\"superdietr\" srcset=\"https:\/\/q4h.eu\/wp-content\/uploads\/2024\/11\/superdietr.jpg 445w, https:\/\/q4h.eu\/wp-content\/uploads\/2024\/11\/superdietr-320x81.jpg 320w\" sizes=\"auto, (max-width: 445px) 100vw, 445px\" \/><\/span><\/div><div data-bb-version=\"5.0.5\"  class=\"bt_bb_text\" ><\/p>\n<p style=\"text-align: center\"><em><strong>Natural food supplements<\/strong><\/em><\/p>\n<p style=\"text-align: center\"><b>Pharmacien Responsable Int\u00e9rimaire <\/b>(exploitant) &amp; <strong>Directeur Qualit\u00e9<\/strong> et <strong>R\u00e9glementaire ad interim<\/strong><\/p>\n<p>\n<\/div><div data-bb-version=\"5.0.5\" class=\"bt_bb_separator bt_bb_border_style_none bt_bb_border_color_none bt_bb_top_spacing_none bt_bb_bottom_spacing_small\" data-bt-override-class=\"{&quot;bt_bb_top_spacing_&quot;:{&quot;current_class&quot;:&quot;bt_bb_top_spacing_none&quot;,&quot;xxl&quot;:&quot;none&quot;},&quot;bt_bb_bottom_spacing_&quot;:{&quot;current_class&quot;:&quot;bt_bb_bottom_spacing_small&quot;,&quot;xxl&quot;:&quot;small&quot;}}\"><\/div><div data-bb-version=\"5.0.5\" class=\"bt_bb_separator bt_bb_border_style_none bt_bb_border_color_gray bt_bb_top_spacing_none bt_bb_bottom_spacing_small\" data-bt-override-class=\"{&quot;bt_bb_top_spacing_&quot;:{&quot;current_class&quot;:&quot;bt_bb_top_spacing_none&quot;,&quot;xxl&quot;:&quot;none&quot;},&quot;bt_bb_bottom_spacing_&quot;:{&quot;current_class&quot;:&quot;bt_bb_bottom_spacing_small&quot;,&quot;xxl&quot;:&quot;small&quot;}}\"><\/div><\/div><\/div><\/div><div  class=\"bt_bb_column col-xxl-3 col-xl-3 bt_bb_vertical_align_top bt_bb_align_left bt_bb_padding_normal bt_bb_animation_fade_in animate bt_bb_right_border bt_bb_border_color_dark\" style=\"; --column-width:3;\" data-width=\"3\" data-bt-override-class=\"{}\"><div class=\"bt_bb_column_content\"><div class=\"bt_bb_column_content_inner\"><div class=\"bt_bb_image bt_bb_shape_square bt_bb_target_self bt_bb_align_inherit bt_bb_hover_style_simple bt_bb_content_display_always bt_bb_content_align_middle\" data-bt-override-class=\"{}\"><span><img loading=\"lazy\" decoding=\"async\" width=\"350\" height=\"200\" src=\"https:\/\/q4h.eu\/wp-content\/uploads\/2024\/08\/logo-regulaxis.png\" class=\"attachment-full size-full\" alt=\"https:\/\/q4h.eu\/wp-content\/uploads\/2024\/08\/logo-regulaxis.png\" data-full_image_src=\"https:\/\/q4h.eu\/wp-content\/uploads\/2024\/08\/logo-regulaxis.png\" title=\"logo-regulaxis\" srcset=\"https:\/\/q4h.eu\/wp-content\/uploads\/2024\/08\/logo-regulaxis.png 350w, https:\/\/q4h.eu\/wp-content\/uploads\/2024\/08\/logo-regulaxis-320x183.png 320w\" sizes=\"auto, (max-width: 350px) 100vw, 350px\" \/><\/span><\/div><div data-bb-version=\"5.0.5\"  class=\"bt_bb_text\" ><\/p>\n<p style=\"text-align: center\"><em><strong>R&amp;D en m\u00e9decine r\u00e9g\u00e9n\u00e9rative<\/strong><\/em><\/p>\n<p style=\"text-align: center\"><strong>Audit<\/strong> pour diff\u00e9rents <strong>fournisseurs<\/strong> de mati\u00e8res premi\u00e8res, y compris <strong>st\u00e9riles<\/strong> et de <strong>sous-traitants<\/strong> en <strong>Asie (BPF Partie II, Annexe 1)<\/strong><\/p>\n<p>\n<\/div><div data-bb-version=\"5.0.5\" class=\"bt_bb_separator bt_bb_border_style_none bt_bb_border_color_none bt_bb_top_spacing_none bt_bb_bottom_spacing_small\" data-bt-override-class=\"{&quot;bt_bb_top_spacing_&quot;:{&quot;current_class&quot;:&quot;bt_bb_top_spacing_none&quot;,&quot;xxl&quot;:&quot;none&quot;},&quot;bt_bb_bottom_spacing_&quot;:{&quot;current_class&quot;:&quot;bt_bb_bottom_spacing_small&quot;,&quot;xxl&quot;:&quot;small&quot;}}\"><\/div><div data-bb-version=\"5.0.5\" class=\"bt_bb_separator bt_bb_border_style_none bt_bb_border_color_gray bt_bb_top_spacing_none bt_bb_bottom_spacing_small\" data-bt-override-class=\"{&quot;bt_bb_top_spacing_&quot;:{&quot;current_class&quot;:&quot;bt_bb_top_spacing_none&quot;,&quot;xxl&quot;:&quot;none&quot;},&quot;bt_bb_bottom_spacing_&quot;:{&quot;current_class&quot;:&quot;bt_bb_bottom_spacing_small&quot;,&quot;xxl&quot;:&quot;small&quot;}}\"><\/div><div data-bb-version=\"5.2.1\" class=\"bt_bb_image bt_bb_shape_square bt_bb_target_self bt_bb_align_center bt_bb_hover_style_simple bt_bb_content_display_always bt_bb_content_align_middle\" data-bt-override-class=\"{&quot;bt_bb_align_&quot;:{&quot;current_class&quot;:&quot;bt_bb_align_center&quot;,&quot;xxl&quot;:&quot;center&quot;},&quot;bt_bb_content_display_&quot;:{&quot;current_class&quot;:&quot;bt_bb_content_display_always&quot;,&quot;xxl&quot;:&quot;always&quot;}}\"><a href=\"https:\/\/www.ifis.fr\/\"  target=\"_self\" title=\"ifis\"><img loading=\"lazy\" decoding=\"async\" width=\"205\" height=\"124\" src=\"https:\/\/q4h.eu\/wp-content\/uploads\/2024\/11\/ifis.png\" class=\"attachment-full size-full\" alt=\"https:\/\/q4h.eu\/wp-content\/uploads\/2024\/11\/ifis.png\" data-full_image_src=\"https:\/\/q4h.eu\/wp-content\/uploads\/2024\/11\/ifis.png\" title=\"ifis\" \/><\/a><\/div><div data-bb-version=\"5.0.5\"  class=\"bt_bb_text\" ><\/p>\n<p style=\"text-align: center\"><em><strong>Organisme de formation \u00e0 destination des industries de sant\u00e9 (certification Qualiopi)<\/strong><\/em><\/p>\n<p style=\"text-align: center\">En charge des <strong>clients pharmaceutiques <\/strong>(Business Development) &amp; des <strong>intervenants\/experts <\/strong>(d\u00e9veloppement de l\u2019offre et des comp\u00e9tences p\u00e9dagogiques).<\/p>\n<p style=\"text-align: center\">Traduction des besoins des clients et offre adapt\u00e9e. <strong>Gestion clients. <\/strong><\/p>\n<p style=\"text-align: center\"><strong>Formateur confirm\u00e9 sur le processus D\u00e9viations\/CAPA, Analyse de Cause Racine, Audits, Audit aseptique<\/strong><\/p>\n<p>\n<\/div><div data-bb-version=\"5.0.5\" class=\"bt_bb_separator bt_bb_border_style_none bt_bb_border_color_none bt_bb_top_spacing_none bt_bb_bottom_spacing_small\" data-bt-override-class=\"{&quot;bt_bb_top_spacing_&quot;:{&quot;current_class&quot;:&quot;bt_bb_top_spacing_none&quot;,&quot;xxl&quot;:&quot;none&quot;},&quot;bt_bb_bottom_spacing_&quot;:{&quot;current_class&quot;:&quot;bt_bb_bottom_spacing_small&quot;,&quot;xxl&quot;:&quot;small&quot;}}\"><\/div><div data-bb-version=\"5.0.5\" class=\"bt_bb_separator bt_bb_border_style_none bt_bb_border_color_gray bt_bb_top_spacing_none bt_bb_bottom_spacing_small\" data-bt-override-class=\"{&quot;bt_bb_top_spacing_&quot;:{&quot;current_class&quot;:&quot;bt_bb_top_spacing_none&quot;,&quot;xxl&quot;:&quot;none&quot;},&quot;bt_bb_bottom_spacing_&quot;:{&quot;current_class&quot;:&quot;bt_bb_bottom_spacing_small&quot;,&quot;xxl&quot;:&quot;small&quot;}}\"><\/div><\/div><\/div><\/div><div  class=\"bt_bb_column col-xxl-3 col-xl-3 bt_bb_vertical_align_top bt_bb_align_left bt_bb_padding_normal bt_bb_animation_fade_in animate bt_bb_border_color_dark\" style=\"; --column-width:3;\" data-width=\"3\" data-bt-override-class=\"{}\"><div class=\"bt_bb_column_content\"><div class=\"bt_bb_column_content_inner\"><div data-bb-version=\"5.0.5\" class=\"bt_bb_separator bt_bb_border_style_none bt_bb_border_color_none bt_bb_top_spacing_medium bt_bb_bottom_spacing_none\" data-bt-override-class=\"{&quot;bt_bb_top_spacing_&quot;:{&quot;current_class&quot;:&quot;bt_bb_top_spacing_medium&quot;,&quot;xxl&quot;:&quot;medium&quot;},&quot;bt_bb_bottom_spacing_&quot;:{&quot;current_class&quot;:&quot;bt_bb_bottom_spacing_none&quot;,&quot;xxl&quot;:&quot;none&quot;}}\"><\/div><div data-bb-version=\"5.0.5\" class=\"bt_bb_image bt_bb_shape_square bt_bb_target_self bt_bb_align_inherit bt_bb_hover_style_simple bt_bb_content_display_always bt_bb_content_align_middle bt_bb_inner_gap_30px\" data-bt-override-class=\"{&quot;bt_bb_align_&quot;:{&quot;current_class&quot;:&quot;bt_bb_align_inherit&quot;,&quot;xxl&quot;:&quot;inherit&quot;},&quot;bt_bb_content_display_&quot;:{&quot;current_class&quot;:&quot;bt_bb_content_display_always&quot;,&quot;xxl&quot;:&quot;always&quot;}}\"><span><img loading=\"lazy\" decoding=\"async\" width=\"350\" height=\"200\" src=\"https:\/\/q4h.eu\/wp-content\/uploads\/2024\/08\/logo-GSK.png\" class=\"attachment-full size-full\" alt=\"https:\/\/q4h.eu\/wp-content\/uploads\/2024\/08\/logo-GSK.png\" data-full_image_src=\"https:\/\/q4h.eu\/wp-content\/uploads\/2024\/08\/logo-GSK.png\" title=\"logo-GSK\" srcset=\"https:\/\/q4h.eu\/wp-content\/uploads\/2024\/08\/logo-GSK.png 350w, https:\/\/q4h.eu\/wp-content\/uploads\/2024\/08\/logo-GSK-320x183.png 320w\" sizes=\"auto, (max-width: 350px) 100vw, 350px\" \/><\/span><\/div><div data-bb-version=\"5.0.5\"  class=\"bt_bb_text\" ><\/p>\n<p style=\"text-align: center\"><em><strong>D\u00e9veloppement et fabrication de vaccins<\/strong><\/em><\/p>\n<p style=\"text-align: center\"><strong>Coaching &amp; Mentorat<\/strong>\u00a0sur la <strong>culture BPF\/cGMP<\/strong> et l\u2019<strong>Analyse de Cause Racine<\/strong><\/p>\n<p style=\"text-align: center\"><strong>Pr\u00e9paration aux inspections FDA <\/strong>(mockup) and des <strong>R\u00e9ponses aux Questions<\/strong> (RTQ)<\/p>\n<p style=\"text-align: center\">Revue du processus de <strong>D\u00e9viations <\/strong>et <strong>impl\u00e9mentation <\/strong>dans diff\u00e9rentes <strong>unit\u00e9s de production aseptique<\/strong><\/p>\n<p>\n<\/div><div data-bb-version=\"5.0.5\" class=\"bt_bb_separator bt_bb_border_style_none bt_bb_border_color_none bt_bb_top_spacing_none bt_bb_bottom_spacing_small\" data-bt-override-class=\"{&quot;bt_bb_top_spacing_&quot;:{&quot;current_class&quot;:&quot;bt_bb_top_spacing_none&quot;,&quot;xxl&quot;:&quot;none&quot;},&quot;bt_bb_bottom_spacing_&quot;:{&quot;current_class&quot;:&quot;bt_bb_bottom_spacing_small&quot;,&quot;xxl&quot;:&quot;small&quot;}}\"><\/div><div data-bb-version=\"5.0.5\" class=\"bt_bb_separator bt_bb_border_style_none bt_bb_border_color_gray bt_bb_top_spacing_none bt_bb_bottom_spacing_small\" data-bt-override-class=\"{&quot;bt_bb_top_spacing_&quot;:{&quot;current_class&quot;:&quot;bt_bb_top_spacing_none&quot;,&quot;xxl&quot;:&quot;none&quot;},&quot;bt_bb_bottom_spacing_&quot;:{&quot;current_class&quot;:&quot;bt_bb_bottom_spacing_small&quot;,&quot;xxl&quot;:&quot;small&quot;}}\"><\/div><\/div><\/div><\/div><\/div><\/div><\/div><!-- cell_inner --><\/div><!-- cell --><\/div><!-- port --><\/section><\/p>\n","protected":false},"excerpt":{"rendered":"","protected":false},"author":1,"featured_media":0,"parent":0,"menu_order":0,"comment_status":"closed","ping_status":"closed","template":"","meta":{"footnotes":""},"class_list":["post-4544","page","type-page","status-publish","hentry"],"_links":{"self":[{"href":"https:\/\/q4h.eu\/fr\/wp-json\/wp\/v2\/pages\/4544","targetHints":{"allow":["GET"]}}],"collection":[{"href":"https:\/\/q4h.eu\/fr\/wp-json\/wp\/v2\/pages"}],"about":[{"href":"https:\/\/q4h.eu\/fr\/wp-json\/wp\/v2\/types\/page"}],"author":[{"embeddable":true,"href":"https:\/\/q4h.eu\/fr\/wp-json\/wp\/v2\/users\/1"}],"replies":[{"embeddable":true,"href":"https:\/\/q4h.eu\/fr\/wp-json\/wp\/v2\/comments?post=4544"}],"version-history":[{"count":13,"href":"https:\/\/q4h.eu\/fr\/wp-json\/wp\/v2\/pages\/4544\/revisions"}],"predecessor-version":[{"id":4780,"href":"https:\/\/q4h.eu\/fr\/wp-json\/wp\/v2\/pages\/4544\/revisions\/4780"}],"wp:attachment":[{"href":"https:\/\/q4h.eu\/fr\/wp-json\/wp\/v2\/media?parent=4544"}],"curies":[{"name":"wp","href":"https:\/\/api.w.org\/{rel}","templated":true}]}}