{"id":4534,"date":"2024-11-09T08:38:29","date_gmt":"2024-11-09T07:38:29","guid":{"rendered":"https:\/\/q4h.eu\/services\/legislation-francaise\/"},"modified":"2024-11-25T19:29:55","modified_gmt":"2024-11-25T18:29:55","slug":"legislation-francaise","status":"publish","type":"page","link":"https:\/\/q4h.eu\/fr\/services-2\/legislation-francaise\/","title":{"rendered":"L\u00e9gislation fran\u00e7aise"},"content":{"rendered":"<p><section id=\"bt_bb_section69eb9aaa12946\" class=\"bt_bb_section bt_bb_color_scheme_10 bt_bb_layout_boxed_1200 bt_bb_vertical_align_top bt_bb_bottom_section_coverage_image bt_bb_section_with_bottom_coverage_image bt_bb_top_spacing_large bt_bb_bottom_spacing_extra_large bt_bb_section_allow_content_outside\" style=\"; --section-primary-color:#ffffff; --section-secondary-color:#10113d;\" data-bt-override-class=\"null\"><div class=\"bt_bb_background_image_holder_wrapper\"><div class=\"bt_bb_background_image_holder bt_bb_parallax\"  data-parallax=\"0.7\" data-parallax-offset=\"0\" data-parallax-zoom-start=\"1\" data-parallax-zoom-end=\"1\" data-parallax-blur-start=\"0\" data-parallax-blur-end=\"0\" data-parallax-opacity-start=\"1\" data-parallax-opacity-end=\"1\" style=\" background-image:url(&#039;https:\/\/novalab.bold-themes.com\/nova-a\/wp-content\/uploads\/sites\/7\/2020\/04\/top_cover_04.png&#039;);\"><\/div><\/div><div class=\"bt_bb_port\"><div class=\"bt_bb_cell\"><div class=\"bt_bb_cell_inner\"><\/div><!-- cell_inner --><\/div><!-- cell --><\/div><!-- port --><div class=\"bt_bb_section_bottom_section_coverage_image\"><img decoding=\"async\" src=\"https:\/\/novalab.bold-themes.com\/nova-a\/wp-content\/uploads\/sites\/7\/2020\/04\/bottom_cover_3.png\" alt=\"bt_bb_section_bottom_section_coverage_image\" \/><\/div><\/section><section data-bb-version=\"5.2.2\" id=\"bt_bb_section69eb9aaa129cc\" class=\"bt_bb_section bt_bb_layout_boxed_1000 bt_bb_vertical_align_top bt_bb_top_spacing_none bt_bb_bottom_spacing_none\"  data-bt-override-class=\"{&quot;bt_bb_top_spacing_&quot;:{&quot;current_class&quot;:&quot;bt_bb_top_spacing_none&quot;,&quot;xxl&quot;:&quot;none&quot;},&quot;bt_bb_bottom_spacing_&quot;:{&quot;current_class&quot;:&quot;bt_bb_bottom_spacing_none&quot;,&quot;xxl&quot;:&quot;none&quot;}}\"><div class=\"bt_bb_port\"><div class=\"bt_bb_cell\"><div class=\"bt_bb_cell_inner\"><div class=\"bt_bb_row \"  data-bt-override-class=\"{}\"><div class=\"bt_bb_row_holder\" ><div data-bb-version=\"5.2.2\"  class=\"bt_bb_column col-xxl-6 col-xl-6 col-xs-12 col-sm-6 col-md-6 col-lg-6 bt_bb_vertical_align_top bt_bb_align_center bt_bb_padding_normal bt_bb_details-color_white\" style=\"; --column-width:6;\" data-width=\"6\" data-bt-override-class=\"{&quot;bt_bb_align_&quot;:{&quot;current_class&quot;:&quot;bt_bb_align_center&quot;,&quot;xxl&quot;:&quot;center&quot;},&quot;bt_bb_padding_&quot;:{&quot;current_class&quot;:&quot;bt_bb_padding_normal&quot;,&quot;xxl&quot;:&quot;normal&quot;}}\"><div class=\"bt_bb_column_content\"><div class=\"bt_bb_column_content_inner\"><div data-bb-version=\"5.2.3\" class=\"bt_bb_image bt_bb_shape_square bt_bb_target_self bt_bb_align_inherit bt_bb_hover_style_simple bt_bb_content_display_always bt_bb_content_align_middle\" data-bt-override-class=\"{&quot;bt_bb_align_&quot;:{&quot;current_class&quot;:&quot;bt_bb_align_inherit&quot;,&quot;xxl&quot;:&quot;inherit&quot;},&quot;bt_bb_content_display_&quot;:{&quot;current_class&quot;:&quot;bt_bb_content_display_always&quot;,&quot;xxl&quot;:&quot;always&quot;},&quot;bt_bb_animation_&quot;:{&quot;current_class&quot;:&quot;bt_bb_animation_no_animation&quot;,&quot;xxl&quot;:&quot;no_animation&quot;}}\"><span><img loading=\"lazy\" decoding=\"async\" width=\"640\" height=\"338\" src=\"https:\/\/q4h.eu\/wp-content\/uploads\/2024\/11\/27099-640x338.jpg\" class=\"attachment-medium size-medium\" alt=\"Illustration of France flag\" data-full_image_src=\"https:\/\/q4h.eu\/wp-content\/uploads\/2024\/11\/27099-scaled.jpg\" title=\"Basic RGB\" srcset=\"https:\/\/q4h.eu\/wp-content\/uploads\/2024\/11\/27099-640x338.jpg 640w, https:\/\/q4h.eu\/wp-content\/uploads\/2024\/11\/27099-1280x675.jpg 1280w, https:\/\/q4h.eu\/wp-content\/uploads\/2024\/11\/27099-768x405.jpg 768w, https:\/\/q4h.eu\/wp-content\/uploads\/2024\/11\/27099-1536x810.jpg 1536w, https:\/\/q4h.eu\/wp-content\/uploads\/2024\/11\/27099-2048x1081.jpg 2048w, https:\/\/q4h.eu\/wp-content\/uploads\/2024\/11\/27099-320x169.jpg 320w\" sizes=\"auto, (max-width: 640px) 100vw, 640px\" \/><\/span><\/div><\/div><\/div><\/div><div data-bb-version=\"5.2.3\"  class=\"bt_bb_column col-xxl-6 col-xl-6 col-xs-12 col-sm-6 col-md-6 col-lg-6 bt_bb_vertical_align_top bt_bb_align_left bt_bb_padding_normal\" style=\"; --column-width:6;\" data-width=\"6\" data-bt-override-class=\"{}\"><div class=\"bt_bb_column_content\"><div class=\"bt_bb_column_content_inner\"><header data-bb-version=\"5.2.3\" class=\"bt_bb_headline bt_bb_font_weight_medium bt_bb_color_scheme_2 bt_bb_dash_top bt_bb_size_medium bt_bb_align_left\" style=\"; --primary-color:#191919; --secondary-color:#ffffff;\" data-bt-override-class=\"{&quot;bt_bb_size_&quot;:{&quot;current_class&quot;:&quot;bt_bb_size_medium&quot;,&quot;xxl&quot;:&quot;medium&quot;},&quot;bt_bb_align_&quot;:{&quot;current_class&quot;:&quot;bt_bb_align_left&quot;,&quot;xxl&quot;:&quot;left&quot;},&quot;bt_bb_animation_&quot;:{&quot;current_class&quot;:&quot;bt_bb_animation_no_animation&quot;,&quot;xxl&quot;:&quot;no_animation&quot;}}\"><h1 class=\"bt_bb_headline_tag\"><span class=\"bt_bb_headline_content\"><span>Pharmacien Responsable au regard de l'Art. L. 5124-2 du CSP<\/span><\/span><\/h1><\/header><\/div><\/div><\/div><\/div><\/div><\/div><!-- cell_inner --><\/div><!-- cell --><\/div><!-- port --><\/section><section id=\"bt_bb_section69eb9aaa131c2\" class=\"bt_bb_section bt_bb_layout_boxed_1200 bt_bb_vertical_align_top bt_bb_top_spacing_medium bt_bb_bottom_spacing_medium bt_bb_section_allow_content_outside\"  data-bt-override-class=\"null\"><div class=\"bt_bb_port\"><div class=\"bt_bb_cell\"><div class=\"bt_bb_cell_inner\"><div class=\"bt_bb_row \"  data-bt-override-class=\"{}\"><div class=\"bt_bb_row_holder\" ><div  class=\"bt_bb_column col-xxl-6 col-xl-6 bt_bb_vertical_align_top bt_bb_align_left bt_bb_padding_double bt_bb_animation_fade_in animate\" style=\"; --column-width:6;\" data-width=\"6\" data-bt-override-class=\"{}\"><div class=\"bt_bb_column_content\"><div class=\"bt_bb_column_content_inner\"><div  class=\"bt_bb_text\" ><\/p>\n<div>Votre organisation a besoin de renforcer ses effectifs pharmaceutiques afin de garantir une s\u00e9niorit\u00e9 et des une pr\u00e9sence pharmaceutique appropri\u00e9e ?<\/div>\n<div>Q4H peut apporter son exp\u00e9rience de diverses entreprises \u00e0 diff\u00e9rents niveaux de l\u2019organisation.<\/div>\n<p>\n<\/div><div class=\"bt_bb_separator bt_bb_border_style_none bt_bb_bottom_spacing_normal\" data-bt-override-class=\"null\"><\/div><div class=\"bt_bb_floating_image bt_bb_shape_square bt_bb_floating_image_horizontal_position_left bt_bb_floating_image_vertical_position_bottom bt_bb_floating_image_animation_delay_default bt_bb_floating_image_animation_duration_5000 bt_bb_floating_image_animation_style_ease_out bt_bb_hidden_xs bt_bb_hidden_ms bt_bb_hidden_sm\" style=\"left: -30em; bottom: 30em;\" data-speed=\"1.0\"><div class=\"bt_bb_floating_image_image\" data-speed=\"1.0\"><div class=\"bt_bb_image bt_bb_shape_square\" data-bt-override-class=\"{}\"><span><img fetchpriority=\"high\" decoding=\"async\" width=\"484\" height=\"481\" src=\"https:\/\/novalab.bold-themes.com\/nova-a\/wp-content\/uploads\/sites\/7\/2020\/06\/large_blue_triangle_04.png\" class=\"attachment-full size-full\" alt=\"https:\/\/novalab.bold-themes.com\/nova-a\/wp-content\/uploads\/sites\/7\/2020\/06\/large_blue_triangle_04.png\" data-full_image_src=\"https:\/\/novalab.bold-themes.com\/nova-a\/wp-content\/uploads\/sites\/7\/2020\/06\/large_blue_triangle_04.png\" title=\"large_blue_triangle_04\" loading=\"eager\" srcset=\"https:\/\/novalab.bold-themes.com\/nova-a\/wp-content\/uploads\/sites\/7\/2020\/06\/large_blue_triangle_04.png 484w, https:\/\/novalab.bold-themes.com\/nova-a\/wp-content\/uploads\/sites\/7\/2020\/06\/large_blue_triangle_04-160x160.png 160w, https:\/\/novalab.bold-themes.com\/nova-a\/wp-content\/uploads\/sites\/7\/2020\/06\/large_blue_triangle_04-320x318.png 320w, https:\/\/novalab.bold-themes.com\/nova-a\/wp-content\/uploads\/sites\/7\/2020\/06\/large_blue_triangle_04-100x100.png 100w\" sizes=\"(max-width: 484px) 100vw, 484px\" \/><\/span><\/div><\/div><\/div><header data-bb-version=\"5.0.5\" class=\"bt_bb_headline bt_bb_dash_none bt_bb_subheadline bt_bb_size_inherit bt_bb_align_inherit\" data-bt-override-class=\"{&quot;bt_bb_size_&quot;:{&quot;current_class&quot;:&quot;bt_bb_size_inherit&quot;,&quot;xxl&quot;:&quot;inherit&quot;},&quot;bt_bb_align_&quot;:{&quot;current_class&quot;:&quot;bt_bb_align_inherit&quot;,&quot;xxl&quot;:&quot;inherit&quot;}}\"><h3 class=\"bt_bb_headline_tag\"><span class=\"bt_bb_headline_content\"><span>Contactez-nous pour plus d'informations<\/span><\/span><\/h3><div class=\"bt_bb_headline_subheadline\">Utilisez le formulaire et obtenez une r\u00e9ponse rapide<br \/><br \/>\n<\/div><\/header><div class=\"bt_bb_separator bt_bb_border_style_none bt_bb_bottom_spacing_normal\" data-bt-override-class=\"null\"><\/div><div data-bb-version=\"5.0.5\" class=\"bt_bb_contact_form_7\">\n<div class=\"wpcf7 no-js\" id=\"wpcf7-f4574-o1\" lang=\"en-US\" dir=\"ltr\" data-wpcf7-id=\"4574\">\n<div class=\"screen-reader-response\"><p role=\"status\" aria-live=\"polite\" aria-atomic=\"true\"><\/p> <ul><\/ul><\/div>\n<form action=\"\/fr\/wp-json\/wp\/v2\/pages\/4534#wpcf7-f4574-o1\" method=\"post\" class=\"wpcf7-form init\" aria-label=\"Contact form\" novalidate=\"novalidate\" data-status=\"init\">\n<div style=\"display: none;\">\n<input type=\"hidden\" name=\"_wpcf7\" value=\"4574\" \/>\n<input type=\"hidden\" name=\"_wpcf7_version\" value=\"6.0.6\" \/>\n<input type=\"hidden\" name=\"_wpcf7_locale\" value=\"en_US\" \/>\n<input type=\"hidden\" name=\"_wpcf7_unit_tag\" value=\"wpcf7-f4574-o1\" \/>\n<input type=\"hidden\" name=\"_wpcf7_container_post\" value=\"0\" \/>\n<input type=\"hidden\" name=\"_wpcf7_posted_data_hash\" value=\"\" \/>\n<input type=\"hidden\" name=\"_wpcf7_recaptcha_response\" value=\"\" \/>\n<\/div>\n<p><label> Vos coordonn\u00e9es<br \/>\n<span class=\"wpcf7-form-control-wrap\" data-name=\"your-name\"><input size=\"40\" maxlength=\"400\" class=\"wpcf7-form-control wpcf7-text wpcf7-validates-as-required\" autocomplete=\"name\" aria-required=\"true\" aria-invalid=\"false\" value=\"\" type=\"text\" name=\"your-name\" \/><\/span> <\/label>\n<\/p>\n<p><label> Votre e-mail<br \/>\n<span class=\"wpcf7-form-control-wrap\" data-name=\"your-email\"><input size=\"40\" maxlength=\"400\" class=\"wpcf7-form-control wpcf7-email wpcf7-validates-as-required wpcf7-text wpcf7-validates-as-email\" autocomplete=\"email\" aria-required=\"true\" aria-invalid=\"false\" value=\"\" type=\"email\" name=\"your-email\" \/><\/span> <\/label>\n<\/p>\n<p><label> Votre e-mail<br \/>\n<span class=\"wpcf7-form-control-wrap\" data-name=\"your-phone\"><input size=\"40\" maxlength=\"400\" class=\"wpcf7-form-control wpcf7-tel wpcf7-validates-as-required wpcf7-text wpcf7-validates-as-tel\" autocomplete=\"phone\" aria-required=\"true\" aria-invalid=\"false\" value=\"\" type=\"tel\" name=\"your-phone\" \/><\/span> <\/label>\n<\/p>\n<p>Type de demande:<br \/>\n<span class=\"wpcf7-form-control-wrap\" data-name=\"checkbox\"><span class=\"wpcf7-form-control wpcf7-checkbox wpcf7-validates-as-required\"><span class=\"wpcf7-list-item first\"><label><input type=\"checkbox\" name=\"checkbox[]\" value=\"Pharmacien Responsable (PR\/PRI)\" \/><span class=\"wpcf7-list-item-label\">Pharmacien Responsable (PR\/PRI)<\/span><\/label><\/span><span class=\"wpcf7-list-item\"><label><input type=\"checkbox\" name=\"checkbox[]\" value=\"Interim Pharmacien Responsable\" \/><span class=\"wpcf7-list-item-label\">Interim Pharmacien Responsable<\/span><\/label><\/span><span class=\"wpcf7-list-item\"><label><input type=\"checkbox\" name=\"checkbox[]\" value=\"Court terme\" \/><span class=\"wpcf7-list-item-label\">Court terme<\/span><\/label><\/span><span class=\"wpcf7-list-item\"><label><input type=\"checkbox\" name=\"checkbox[]\" value=\"Long terme\" \/><span class=\"wpcf7-list-item-label\">Long terme<\/span><\/label><\/span><span class=\"wpcf7-list-item last\"><label><input type=\"checkbox\" name=\"checkbox[]\" value=\"Autre\" \/><span class=\"wpcf7-list-item-label\">Autre<\/span><\/label><\/span><\/span><\/span>\n<\/p>\n<p><label> D\u00e9crivez votre demande (optionnel) :<br \/>\n<span class=\"wpcf7-form-control-wrap\" data-name=\"your-message\"><textarea cols=\"40\" rows=\"10\" maxlength=\"2000\" class=\"wpcf7-form-control wpcf7-textarea\" aria-invalid=\"false\" name=\"your-message\"><\/textarea><\/span> <\/label>\n<\/p>\n<p><input class=\"wpcf7-form-control wpcf7-submit has-spinner\" type=\"submit\" value=\"Envoyez votre demande\" \/>\n<\/p><p style=\"display: none !important;\" class=\"akismet-fields-container\" data-prefix=\"_wpcf7_ak_\"><label>&#916;<textarea name=\"_wpcf7_ak_hp_textarea\" cols=\"45\" rows=\"8\" maxlength=\"100\"><\/textarea><\/label><input type=\"hidden\" id=\"ak_js_1\" name=\"_wpcf7_ak_js\" value=\"94\"\/><script>document.getElementById( \"ak_js_1\" ).setAttribute( \"value\", ( new Date() ).getTime() );<\/script><\/p><div class=\"wpcf7-response-output\" aria-hidden=\"true\"><\/div>\n<\/form>\n<\/div>\n<\/div><\/div><\/div><\/div><div  class=\"bt_bb_column col-xxl-6 col-xl-6 bt_bb_vertical_align_middle bt_bb_align_left bt_bb_padding_normal bt_bb_animation_fade_in animate\" style=\"; --column-width:6;\" data-width=\"6\" data-bt-override-class=\"{}\"><div class=\"bt_bb_column_content\"><div class=\"bt_bb_column_content_inner\"><div class=\"bt_bb_image bt_bb_shape_triangle bt_bb_target_self bt_bb_align_inherit bt_bb_hover_style_simple bt_bb_content_display_always bt_bb_content_align_middle\" data-bt-override-class=\"{}\"><span><img loading=\"lazy\" decoding=\"async\" width=\"1280\" height=\"1080\" src=\"https:\/\/q4h.eu\/wp-content\/uploads\/2024\/11\/Design-sans-titre-1280x1080.png\" class=\"attachment-boldthemes_large_square size-boldthemes_large_square\" alt=\"https:\/\/q4h.eu\/wp-content\/uploads\/2024\/11\/Design-sans-titre-1280x1080.png\" data-full_image_src=\"https:\/\/q4h.eu\/wp-content\/uploads\/2024\/11\/Design-sans-titre.png\" title=\"Design sans titre\" \/><\/span><\/div><div class=\"bt_bb_floating_image bt_bb_shape_square bt_bb_floating_image_horizontal_position_right bt_bb_floating_image_vertical_position_top bt_bb_floating_image_animation_delay_default bt_bb_floating_image_animation_duration_5000 bt_bb_floating_image_animation_style_ease_out bt_bb_hidden_xs bt_bb_hidden_ms bt_bb_hidden_sm\" style=\"right: -10em;\" data-speed=\"1.0\"><div class=\"bt_bb_floating_image_image\" data-speed=\"1.0\"><div class=\"bt_bb_image bt_bb_shape_square\" data-bt-override-class=\"{}\"><span><img decoding=\"async\" width=\"180\" height=\"200\" src=\"https:\/\/novalab.bold-themes.com\/nova-a\/wp-content\/uploads\/sites\/7\/2020\/04\/small_blue_triangle.png\" class=\"attachment-full size-full\" alt=\"https:\/\/novalab.bold-themes.com\/nova-a\/wp-content\/uploads\/sites\/7\/2020\/04\/small_blue_triangle.png\" data-full_image_src=\"https:\/\/novalab.bold-themes.com\/nova-a\/wp-content\/uploads\/sites\/7\/2020\/04\/small_blue_triangle.png\" title=\"small_blue_triangle\" loading=\"eager\" \/><\/span><\/div><\/div><\/div><div class=\"bt_bb_separator bt_bb_border_style_none bt_bb_bottom_spacing_medium\" data-bt-override-class=\"null\"><\/div><\/div><\/div><\/div><\/div><\/div><\/div><!-- cell_inner --><\/div><!-- cell --><\/div><!-- port --><\/section><\/p>\n","protected":false},"excerpt":{"rendered":"","protected":false},"author":1,"featured_media":0,"parent":4597,"menu_order":0,"comment_status":"closed","ping_status":"closed","template":"","meta":{"footnotes":""},"class_list":["post-4534","page","type-page","status-publish","hentry"],"_links":{"self":[{"href":"https:\/\/q4h.eu\/fr\/wp-json\/wp\/v2\/pages\/4534","targetHints":{"allow":["GET"]}}],"collection":[{"href":"https:\/\/q4h.eu\/fr\/wp-json\/wp\/v2\/pages"}],"about":[{"href":"https:\/\/q4h.eu\/fr\/wp-json\/wp\/v2\/types\/page"}],"author":[{"embeddable":true,"href":"https:\/\/q4h.eu\/fr\/wp-json\/wp\/v2\/users\/1"}],"replies":[{"embeddable":true,"href":"https:\/\/q4h.eu\/fr\/wp-json\/wp\/v2\/comments?post=4534"}],"version-history":[{"count":7,"href":"https:\/\/q4h.eu\/fr\/wp-json\/wp\/v2\/pages\/4534\/revisions"}],"predecessor-version":[{"id":4641,"href":"https:\/\/q4h.eu\/fr\/wp-json\/wp\/v2\/pages\/4534\/revisions\/4641"}],"up":[{"embeddable":true,"href":"https:\/\/q4h.eu\/fr\/wp-json\/wp\/v2\/pages\/4597"}],"wp:attachment":[{"href":"https:\/\/q4h.eu\/fr\/wp-json\/wp\/v2\/media?parent=4534"}],"curies":[{"name":"wp","href":"https:\/\/api.w.org\/{rel}","templated":true}]}}