{"id":4524,"date":"2024-11-09T08:29:10","date_gmt":"2024-11-09T07:29:10","guid":{"rendered":"https:\/\/q4h.eu\/services\/gestion-interimaire\/"},"modified":"2024-11-24T18:30:41","modified_gmt":"2024-11-24T17:30:41","slug":"gestion-interimaire","status":"publish","type":"page","link":"https:\/\/q4h.eu\/fr\/services-2\/gestion-interimaire\/","title":{"rendered":"management_interim"},"content":{"rendered":"<p><section id=\"bt_bb_section69eb9aaa11388\" class=\"bt_bb_section bt_bb_color_scheme_10 bt_bb_layout_boxed_1200 bt_bb_vertical_align_top bt_bb_bottom_section_coverage_image bt_bb_section_with_bottom_coverage_image bt_bb_top_spacing_large bt_bb_bottom_spacing_extra_large bt_bb_section_allow_content_outside\" style=\"; --section-primary-color:#ffffff; --section-secondary-color:#10113d;\" data-bt-override-class=\"null\"><div class=\"bt_bb_background_image_holder_wrapper\"><div class=\"bt_bb_background_image_holder bt_bb_parallax\"  data-parallax=\"0.7\" data-parallax-offset=\"0\" data-parallax-zoom-start=\"1\" data-parallax-zoom-end=\"1\" data-parallax-blur-start=\"0\" data-parallax-blur-end=\"0\" data-parallax-opacity-start=\"1\" data-parallax-opacity-end=\"1\" style=\" background-image:url(&#039;https:\/\/q4h.eu\/wp-content\/uploads\/2024\/11\/interim-Q4H.png&#039;);\"><\/div><\/div><div class=\"bt_bb_port\"><div class=\"bt_bb_cell\"><div class=\"bt_bb_cell_inner\"><div class=\"bt_bb_row \"  data-bt-override-class=\"{}\"><div class=\"bt_bb_row_holder\" ><div data-bb-version=\"5.2.2\"  class=\"bt_bb_column col-xxl-12 col-xl-12 col-xs-12 col-sm-12 col-md-12 col-lg-12 bt_bb_vertical_align_middle bt_bb_align_left bt_bb_padding_normal bt_bb_animation_fade_in animate bt_bb_details-color_white\" style=\"background-color:rgba(0,0,0,0.11);; --column-width:12;\" data-width=\"12\" data-bt-override-class=\"{&quot;bt_bb_align_&quot;:{&quot;current_class&quot;:&quot;bt_bb_align_left&quot;,&quot;xxl&quot;:&quot;left&quot;},&quot;bt_bb_padding_&quot;:{&quot;current_class&quot;:&quot;bt_bb_padding_normal&quot;,&quot;xxl&quot;:&quot;normal&quot;}}\"><div class=\"bt_bb_column_content\"><div class=\"bt_bb_column_content_inner\"><div data-bb-version=\"5.2.2\"  class=\"bt_bb_text bt_bb_animation_move_up animate\" ><\/p>\n<p>\u00a0<\/p>\n<ul>\n<li>\n<h5>Mission de court terme<\/h5>\n<\/li>\n<li>\n<h5>Management de transition<\/h5>\n<\/li>\n<li>\n<h5>R\u00e9organisation<\/h5>\n<\/li>\n<li>\n<h5>Support \u00e0 projet<\/h5>\n<\/li>\n<li>\n<h5>Op\u00e9rations &amp; Qualit\u00e9<\/h5>\n<\/li>\n<\/ul>\n<p>\n<\/div><\/div><\/div><\/div><\/div><\/div><\/div><!-- cell_inner --><\/div><!-- cell --><\/div><!-- port --><div class=\"bt_bb_section_bottom_section_coverage_image\"><img decoding=\"async\" src=\"https:\/\/novalab.bold-themes.com\/nova-a\/wp-content\/uploads\/sites\/7\/2020\/04\/bottom_cover_3.png\" alt=\"bt_bb_section_bottom_section_coverage_image\" \/><\/div><\/section><section id=\"bt_bb_section69eb9aaa115cc\" class=\"bt_bb_section bt_bb_layout_boxed_1200 bt_bb_vertical_align_top bt_bb_top_spacing_medium bt_bb_bottom_spacing_medium bt_bb_section_allow_content_outside\"  data-bt-override-class=\"null\"><div class=\"bt_bb_port\"><div class=\"bt_bb_cell\"><div class=\"bt_bb_cell_inner\"><div class=\"bt_bb_row \"  data-bt-override-class=\"{}\"><div class=\"bt_bb_row_holder\" ><div  class=\"bt_bb_column col-xxl-6 col-xl-6 bt_bb_vertical_align_middle bt_bb_align_left bt_bb_padding_normal bt_bb_animation_fade_in animate\" style=\"; --column-width:6;\" data-width=\"6\" data-bt-override-class=\"{}\"><div class=\"bt_bb_column_content\"><div class=\"bt_bb_column_content_inner\"><div class=\"bt_bb_image bt_bb_shape_triangle bt_bb_target_self bt_bb_align_inherit bt_bb_hover_style_simple bt_bb_content_display_always bt_bb_content_align_middle\" data-bt-override-class=\"{}\"><span><img fetchpriority=\"high\" decoding=\"async\" width=\"640\" height=\"640\" src=\"https:\/\/novalab.bold-themes.com\/nova-a\/wp-content\/uploads\/sites\/7\/2020\/04\/service-02-640x640.jpg\" class=\"attachment-boldthemes_medium size-boldthemes_medium\" alt=\"https:\/\/novalab.bold-themes.com\/nova-a\/wp-content\/uploads\/sites\/7\/2020\/04\/service-02-640x640.jpg\" data-full_image_src=\"https:\/\/novalab.bold-themes.com\/nova-a\/wp-content\/uploads\/sites\/7\/2020\/04\/service-02.jpg\" title=\"service-02\" loading=\"eager\" srcset=\"https:\/\/novalab.bold-themes.com\/nova-a\/wp-content\/uploads\/sites\/7\/2020\/04\/service-02-640x640.jpg 640w, https:\/\/novalab.bold-themes.com\/nova-a\/wp-content\/uploads\/sites\/7\/2020\/04\/service-02-160x160.jpg 160w, https:\/\/novalab.bold-themes.com\/nova-a\/wp-content\/uploads\/sites\/7\/2020\/04\/service-02-768x768.jpg 768w, https:\/\/novalab.bold-themes.com\/nova-a\/wp-content\/uploads\/sites\/7\/2020\/04\/service-02-320x320.jpg 320w, https:\/\/novalab.bold-themes.com\/nova-a\/wp-content\/uploads\/sites\/7\/2020\/04\/service-02-300x300.jpg 300w, https:\/\/novalab.bold-themes.com\/nova-a\/wp-content\/uploads\/sites\/7\/2020\/04\/service-02-600x600.jpg 600w, https:\/\/novalab.bold-themes.com\/nova-a\/wp-content\/uploads\/sites\/7\/2020\/04\/service-02-100x100.jpg 100w, https:\/\/novalab.bold-themes.com\/nova-a\/wp-content\/uploads\/sites\/7\/2020\/04\/service-02.jpg 1280w\" sizes=\"(max-width: 640px) 100vw, 640px\" \/><\/span><\/div><div class=\"bt_bb_floating_image bt_bb_shape_square bt_bb_floating_image_horizontal_position_right bt_bb_floating_image_vertical_position_bottom bt_bb_floating_image_animation_delay_default bt_bb_floating_image_animation_duration_5000 bt_bb_floating_image_animation_style_ease_out bt_bb_hidden_xs bt_bb_hidden_ms bt_bb_hidden_sm\" style=\"left: -10em;\" data-speed=\"1.0\"><div class=\"bt_bb_floating_image_image\" data-speed=\"1.0\"><div class=\"bt_bb_image bt_bb_shape_square\" data-bt-override-class=\"{}\"><span><img decoding=\"async\" width=\"180\" height=\"200\" src=\"https:\/\/novalab.bold-themes.com\/nova-a\/wp-content\/uploads\/sites\/7\/2020\/04\/small_blue_triangle.png\" class=\"attachment-full size-full\" alt=\"https:\/\/novalab.bold-themes.com\/nova-a\/wp-content\/uploads\/sites\/7\/2020\/04\/small_blue_triangle.png\" data-full_image_src=\"https:\/\/novalab.bold-themes.com\/nova-a\/wp-content\/uploads\/sites\/7\/2020\/04\/small_blue_triangle.png\" title=\"small_blue_triangle\" loading=\"eager\" \/><\/span><\/div><\/div><\/div><div class=\"bt_bb_separator bt_bb_border_style_none bt_bb_bottom_spacing_medium\" data-bt-override-class=\"null\"><\/div><\/div><\/div><\/div><div  class=\"bt_bb_column col-xxl-6 col-xl-6 bt_bb_vertical_align_top bt_bb_align_left bt_bb_padding_double bt_bb_animation_fade_in animate\" style=\"; --column-width:6;\" data-width=\"6\" data-bt-override-class=\"{}\"><div class=\"bt_bb_column_content\"><div class=\"bt_bb_column_content_inner\"><header data-bb-version=\"5.2.2\" class=\"bt_bb_headline bt_bb_color_scheme_12 bt_bb_dash_top bt_bb_subheadline bt_bb_size_medium bt_bb_align_inherit\" style=\"; --primary-color:#10113d; --secondary-color:#33d1cb;\" data-bt-override-class=\"{&quot;bt_bb_size_&quot;:{&quot;current_class&quot;:&quot;bt_bb_size_medium&quot;,&quot;xxl&quot;:&quot;medium&quot;},&quot;bt_bb_align_&quot;:{&quot;current_class&quot;:&quot;bt_bb_align_inherit&quot;,&quot;xxl&quot;:&quot;inherit&quot;}}\"><h3 class=\"bt_bb_headline_tag\"><span class=\"bt_bb_headline_content\"><span>Votre organisation a besoin d\u2019une ressource additionnelle ?<\/span><\/span><\/h3><div class=\"bt_bb_headline_subheadline\">Q4H peut apporter un support \u00e0 votre organisation :<\/p><br \/>\n<p>\u2013 Avec la ressource appropri\u00e9e<\/p><br \/>\n<p>\u2013 Pendant une p\u00e9riode bien d\u00e9finie<\/p><br \/>\n<p>\u2013 Pour atteindre des objectifs clairs<\/div><\/header><\/div><\/div><\/div><\/div><\/div><\/div><!-- cell_inner --><\/div><!-- cell --><\/div><!-- port --><\/section><section data-bb-version=\"5.2.2\" id=\"bt_bb_section69eb9aaa12652\" class=\"bt_bb_section bt_bb_layout_boxed_1200\"  data-bt-override-class=\"null\"><div class=\"bt_bb_port\"><div class=\"bt_bb_cell\"><div class=\"bt_bb_cell_inner\"><div class=\"bt_bb_row \"  data-bt-override-class=\"{}\"><div class=\"bt_bb_row_holder\" ><div data-bb-version=\"5.2.2\"  class=\"bt_bb_column col-xxl-12 col-xl-12 col-xs-12 col-sm-12 col-md-12 col-lg-12 bt_bb_vertical_align_top bt_bb_align_left bt_bb_padding_normal\" style=\"; --column-width:12;\" data-width=\"12\" data-bt-override-class=\"{}\"><div class=\"bt_bb_column_content\"><div class=\"bt_bb_column_content_inner\"><div class=\"bt_bb_separator bt_bb_border_style_none bt_bb_bottom_spacing_normal\" data-bt-override-class=\"null\"><\/div><header data-bb-version=\"5.0.5\" class=\"bt_bb_headline bt_bb_dash_none bt_bb_subheadline bt_bb_size_inherit bt_bb_align_inherit\" data-bt-override-class=\"{&quot;bt_bb_size_&quot;:{&quot;current_class&quot;:&quot;bt_bb_size_inherit&quot;,&quot;xxl&quot;:&quot;inherit&quot;},&quot;bt_bb_align_&quot;:{&quot;current_class&quot;:&quot;bt_bb_align_inherit&quot;,&quot;xxl&quot;:&quot;inherit&quot;}}\"><h3 class=\"bt_bb_headline_tag\"><span class=\"bt_bb_headline_content\"><span>Contactez-nous pour plus d'informations<\/span><\/span><\/h3><div class=\"bt_bb_headline_subheadline\">Utilisez le formulaire et obtenez une r\u00e9ponse rapide<\/div><\/header><div class=\"bt_bb_separator bt_bb_border_style_none bt_bb_bottom_spacing_normal\" data-bt-override-class=\"null\"><\/div><div data-bb-version=\"5.2.2\" class=\"bt_bb_contact_form_7\">\n<div class=\"wpcf7 no-js\" id=\"wpcf7-f4567-o1\" lang=\"en-US\" dir=\"ltr\" data-wpcf7-id=\"4567\">\n<div class=\"screen-reader-response\"><p role=\"status\" aria-live=\"polite\" aria-atomic=\"true\"><\/p> <ul><\/ul><\/div>\n<form action=\"\/fr\/wp-json\/wp\/v2\/pages\/4524#wpcf7-f4567-o1\" method=\"post\" class=\"wpcf7-form init\" aria-label=\"Contact form\" novalidate=\"novalidate\" data-status=\"init\">\n<div style=\"display: none;\">\n<input type=\"hidden\" name=\"_wpcf7\" value=\"4567\" \/>\n<input type=\"hidden\" name=\"_wpcf7_version\" value=\"6.0.6\" \/>\n<input type=\"hidden\" name=\"_wpcf7_locale\" value=\"en_US\" \/>\n<input type=\"hidden\" name=\"_wpcf7_unit_tag\" value=\"wpcf7-f4567-o1\" \/>\n<input type=\"hidden\" name=\"_wpcf7_container_post\" value=\"0\" \/>\n<input type=\"hidden\" name=\"_wpcf7_posted_data_hash\" value=\"\" \/>\n<input type=\"hidden\" name=\"_wpcf7_recaptcha_response\" value=\"\" \/>\n<\/div>\n<p><label> Vos coordonn\u00e9es*<br \/>\n<span class=\"wpcf7-form-control-wrap\" data-name=\"your-name\"><input size=\"40\" maxlength=\"400\" class=\"wpcf7-form-control wpcf7-text wpcf7-validates-as-required\" autocomplete=\"name\" aria-required=\"true\" aria-invalid=\"false\" value=\"\" type=\"text\" name=\"your-name\" \/><\/span> <\/label>\n<\/p>\n<p><label> Votre e-mail*<br \/>\n<span class=\"wpcf7-form-control-wrap\" data-name=\"your-email\"><input size=\"40\" maxlength=\"400\" class=\"wpcf7-form-control wpcf7-email wpcf7-validates-as-required wpcf7-text wpcf7-validates-as-email\" autocomplete=\"email\" aria-required=\"true\" aria-invalid=\"false\" value=\"\" type=\"email\" name=\"your-email\" \/><\/span> <\/label>\n<\/p>\n<p><label> Votre num\u00e9ro de t\u00e9l\u00e9phone*<br \/>\n<span class=\"wpcf7-form-control-wrap\" data-name=\"your-phone\"><input size=\"40\" maxlength=\"400\" class=\"wpcf7-form-control wpcf7-tel wpcf7-validates-as-required wpcf7-text wpcf7-validates-as-tel\" autocomplete=\"phone\" aria-required=\"true\" aria-invalid=\"false\" value=\"\" type=\"tel\" name=\"your-phone\" \/><\/span> <\/label>\n<\/p>\n<p>Type de demande:*<br \/>\n<span class=\"wpcf7-form-control-wrap\" data-name=\"checkbox\"><span class=\"wpcf7-form-control wpcf7-checkbox wpcf7-validates-as-required\"><span class=\"wpcf7-list-item first\"><label><input type=\"checkbox\" name=\"checkbox[]\" value=\"Op\u00e9rations\" \/><span class=\"wpcf7-list-item-label\">Op\u00e9rations<\/span><\/label><\/span><span class=\"wpcf7-list-item\"><label><input type=\"checkbox\" name=\"checkbox[]\" value=\"Qualit\u00e9\" \/><span class=\"wpcf7-list-item-label\">Qualit\u00e9<\/span><\/label><\/span><span class=\"wpcf7-list-item\"><label><input type=\"checkbox\" name=\"checkbox[]\" value=\"Nouveau projet\" \/><span class=\"wpcf7-list-item-label\">Nouveau projet<\/span><\/label><\/span><span class=\"wpcf7-list-item last\"><label><input type=\"checkbox\" name=\"checkbox[]\" value=\"Autre\" \/><span class=\"wpcf7-list-item-label\">Autre<\/span><\/label><\/span><\/span><\/span>\n<\/p>\n<p><label> D\u00e9crivez votre demande (optionnel) :<br \/>\n<span class=\"wpcf7-form-control-wrap\" data-name=\"your-message\"><textarea cols=\"40\" rows=\"10\" maxlength=\"2000\" class=\"wpcf7-form-control wpcf7-textarea\" aria-invalid=\"false\" name=\"your-message\"><\/textarea><\/span> <\/label>\n<\/p>\n<p><input class=\"wpcf7-form-control wpcf7-submit has-spinner\" type=\"submit\" value=\"Envoyez votre demande\" \/>\n<\/p><p style=\"display: none !important;\" class=\"akismet-fields-container\" data-prefix=\"_wpcf7_ak_\"><label>&#916;<textarea name=\"_wpcf7_ak_hp_textarea\" cols=\"45\" rows=\"8\" maxlength=\"100\"><\/textarea><\/label><input type=\"hidden\" id=\"ak_js_1\" name=\"_wpcf7_ak_js\" value=\"194\"\/><script>document.getElementById( \"ak_js_1\" ).setAttribute( \"value\", ( new Date() ).getTime() );<\/script><\/p><div class=\"wpcf7-response-output\" aria-hidden=\"true\"><\/div>\n<\/form>\n<\/div>\n<\/div><div class=\"bt_bb_separator bt_bb_border_style_none bt_bb_bottom_spacing_normal\" data-bt-override-class=\"null\"><\/div><\/div><\/div><\/div><\/div><\/div><\/div><!-- cell_inner --><\/div><!-- cell --><\/div><!-- port --><\/section><\/p>\n","protected":false},"excerpt":{"rendered":"","protected":false},"author":1,"featured_media":0,"parent":4597,"menu_order":0,"comment_status":"closed","ping_status":"closed","template":"","meta":{"footnotes":""},"class_list":["post-4524","page","type-page","status-publish","hentry"],"_links":{"self":[{"href":"https:\/\/q4h.eu\/fr\/wp-json\/wp\/v2\/pages\/4524","targetHints":{"allow":["GET"]}}],"collection":[{"href":"https:\/\/q4h.eu\/fr\/wp-json\/wp\/v2\/pages"}],"about":[{"href":"https:\/\/q4h.eu\/fr\/wp-json\/wp\/v2\/types\/page"}],"author":[{"embeddable":true,"href":"https:\/\/q4h.eu\/fr\/wp-json\/wp\/v2\/users\/1"}],"replies":[{"embeddable":true,"href":"https:\/\/q4h.eu\/fr\/wp-json\/wp\/v2\/comments?post=4524"}],"version-history":[{"count":7,"href":"https:\/\/q4h.eu\/fr\/wp-json\/wp\/v2\/pages\/4524\/revisions"}],"predecessor-version":[{"id":4571,"href":"https:\/\/q4h.eu\/fr\/wp-json\/wp\/v2\/pages\/4524\/revisions\/4571"}],"up":[{"embeddable":true,"href":"https:\/\/q4h.eu\/fr\/wp-json\/wp\/v2\/pages\/4597"}],"wp:attachment":[{"href":"https:\/\/q4h.eu\/fr\/wp-json\/wp\/v2\/media?parent=4524"}],"curies":[{"name":"wp","href":"https:\/\/api.w.org\/{rel}","templated":true}]}}