{"id":1596,"date":"2020-03-23T09:03:14","date_gmt":"2020-03-23T09:03:14","guid":{"rendered":"http:\/\/novalab.bold-themes.com\/main-demo\/?page_id=1596"},"modified":"2024-11-22T18:59:20","modified_gmt":"2024-11-22T17:59:20","slug":"services","status":"publish","type":"page","link":"https:\/\/q4h.eu\/fr\/services\/","title":{"rendered":"Services"},"content":{"rendered":"<p><section data-bb-version=\"5.0.5\" id=\"bt_bb_section69eb9875a471a\" class=\"bt_bb_section bt_bb_color_scheme_10 bt_bb_layout_boxed_1200 bt_bb_vertical_align_top bt_bb_bottom_section_coverage_image bt_bb_section_with_bottom_coverage_image bt_bb_top_spacing_large bt_bb_bottom_spacing_extra_large\" style=\"; --section-primary-color:#ffffff; --section-secondary-color:#10113d;\" data-bt-override-class=\"{&quot;bt_bb_top_spacing_&quot;:{&quot;current_class&quot;:&quot;bt_bb_top_spacing_large&quot;,&quot;xxl&quot;:&quot;large&quot;},&quot;bt_bb_bottom_spacing_&quot;:{&quot;current_class&quot;:&quot;bt_bb_bottom_spacing_extra_large&quot;,&quot;xxl&quot;:&quot;extra_large&quot;}}\"><div class=\"bt_bb_background_image_holder_wrapper\"><div class=\"bt_bb_background_image_holder btLazyLoadBackground bt_bb_parallax\"  data-background_image_src=\"https:\/\/q4h.eu\/wp-content\/uploads\/2024\/08\/istockphoto-1219894427-1024x1024-1.jpg\" data-parallax=\"0.7\" data-parallax-offset=\"0\" data-parallax-zoom-start=\"1\" data-parallax-zoom-end=\"1\" data-parallax-blur-start=\"0\" data-parallax-blur-end=\"0\" data-parallax-opacity-start=\"1\" data-parallax-opacity-end=\"1\" style=\" background-image: url(&#039;https:\/\/q4h.eu\/wp-content\/plugins\/bold-page-builder\/img\/blank.gif&#039;);\"><\/div><\/div><div class=\"bt_bb_port\"><div class=\"bt_bb_cell\"><div class=\"bt_bb_cell_inner\"><div class=\"bt_bb_row \"  data-bt-override-class=\"{}\"><div class=\"bt_bb_row_holder\" ><div  class=\"bt_bb_column col-xxl-8 col-xl-8 bt_bb_vertical_align_top bt_bb_align_left bt_bb_padding_normal bt_bb_animation_fade_in animate\" style=\"; --column-width:8;\" data-width=\"8\" data-bt-override-class=\"{}\"><div class=\"bt_bb_column_content\"><div class=\"bt_bb_column_content_inner\"><header data-bb-version=\"5.0.5\" class=\"bt_bb_headline bt_bb_dash_top bt_bb_superheadline bt_bb_subheadline bt_bb_size_large bt_bb_align_inherit\" data-bt-override-class=\"{&quot;bt_bb_size_&quot;:{&quot;current_class&quot;:&quot;bt_bb_size_large&quot;,&quot;xxl&quot;:&quot;large&quot;},&quot;bt_bb_align_&quot;:{&quot;current_class&quot;:&quot;bt_bb_align_inherit&quot;,&quot;xxl&quot;:&quot;inherit&quot;}}\"><h1 class=\"bt_bb_headline_tag\"><span class=\"bt_bb_headline_superheadline\">CE QUE NOUS POUVONS FAIRE<\/span><span class=\"bt_bb_headline_content\"><span>Nos Services<\/span><\/span><\/h1><div class=\"bt_bb_headline_subheadline\">Audit, Formation et accompagnement, Interim Management, Assurance de St\u00e9rilit\u00e9, Responsabilit\u00e9 Pharmaceutique<\/div><\/header><\/div><\/div><\/div><div  class=\"bt_bb_column col-xxl-4 col-xl-4 bt_bb_vertical_align_top bt_bb_align_left bt_bb_padding_normal\" style=\"; --column-width:4;\" data-width=\"4\" data-bt-override-class=\"{}\"><div class=\"bt_bb_column_content\"><div class=\"bt_bb_column_content_inner\"><\/div><\/div><\/div><\/div><\/div><\/div><!-- cell_inner --><\/div><!-- cell --><\/div><!-- port --><div class=\"bt_bb_section_bottom_section_coverage_image\"><img decoding=\"async\" src=\"https:\/\/novalab.bold-themes.com\/nova-a\/wp-content\/uploads\/sites\/7\/2020\/04\/bottom_cover_3.png\" alt=\"bt_bb_section_bottom_section_coverage_image\" \/><\/div><\/section><section id=\"bt_bb_section69eb9875a49ce\" class=\"bt_bb_section bt_bb_color_scheme_15 bt_bb_layout_boxed_1200 bt_bb_vertical_align_top bt_bb_background_overlay_light_top_gradient bt_bb_top_spacing_medium\" style=\"z-index: 2;; --section-primary-color:#10113d; --section-secondary-color:#eaeef3;\" data-bt-override-class=\"null\"><div class=\"bt_bb_port\"><div class=\"bt_bb_cell\"><div class=\"bt_bb_cell_inner\"><div class=\"bt_bb_row \"  data-bt-override-class=\"{}\"><div class=\"bt_bb_row_holder\" ><div  class=\"bt_bb_column col-xxl-3 col-xl-3 bt_bb_vertical_align_top bt_bb_align_center bt_bb_padding_normal bt_bb_animation_fade_in animate\" style=\"; --column-width:3;\" data-width=\"3\" data-bt-override-class=\"{}\"><div class=\"bt_bb_column_content\"><div class=\"bt_bb_column_content_inner\"><div data-bb-version=\"5.0.5\" class=\"bt_bb_card_image bt_bb_border_show bt_bb_size_small bt_bb_shadow_show\"><div class=\"bt_bb_card_image_background\">\r\n\t\t\t<div class=\"bt_bb_image bt_bb_shape_square bt_bb_target_self\" data-bt-override-class=\"{}\"><a href=\"https:\/\/q4h.eu\/services\/single-service\/\"  target=\"_self\" title=\"Audits, inspections et r\u00e9ponses aux Autorit\u00e9s.\"><img loading=\"lazy\" decoding=\"async\" width=\"350\" height=\"300\" src=\"https:\/\/q4h.eu\/wp-content\/uploads\/2024\/08\/audit-350x300-3.png\" class=\"attachment-full size-full\" alt=\"Audits, inspections et r\u00e9ponses aux Autorit\u00e9s.\" data-full_image_src=\"https:\/\/q4h.eu\/wp-content\/uploads\/2024\/08\/audit-350x300-3.png\" title=\"Audits, inspections et r\u00e9ponses aux Autorit\u00e9s.\" srcset=\"https:\/\/q4h.eu\/wp-content\/uploads\/2024\/08\/audit-350x300-3.png 350w, https:\/\/q4h.eu\/wp-content\/uploads\/2024\/08\/audit-350x300-3-320x274.png 320w\" sizes=\"auto, (max-width: 350px) 100vw, 350px\" \/><\/a><\/div>\r\n\t\t<\/div><div class=\"bt_bb_card_image_text_box\"><div class=\"bt_bb_card_image_title\"><header class=\"bt_bb_headline bt_bb_size_small\" data-bt-override-class=\"{}\"><h3 class=\"bt_bb_headline_tag\"><span class=\"bt_bb_headline_content\"><span><a href=\"https:\/\/q4h.eu\/services\/single-service\/\" target=\"_self\" title=\"Audits, inspections et r\u00e9ponses aux Autorit\u00e9s.\">Audits, inspections et r\u00e9ponses aux Autorit\u00e9s.<\/a><\/span><\/span><\/h3><\/header><\/div><div class=\"bt_bb_card_image_text\">Pr\u00e9paration, dry run, support pendant l'inspection, coaching, r\u00e9ponses aux observations<\/div><div class=\"bt_bb_card_image_content_inner\"><div class=\"bt_bb_separator bt_bb_border_style_none bt_bb_border_color_none bt_bb_bottom_spacing_20\" data-bt-override-class=\"null\"><\/div><div data-bb-version=\"5.0.5\" class=\"bt_bb_button bt_bb_color_scheme_3 bt_bb_icon_position_right bt_bb_style_clean bt_bb_size_medium bt_bb_width_inline bt_bb_shape_inherit bt_bb_target_self bt_bb_text_transform_inherit bt_bb_align_inherit\" style=\"; --primary-color:#33d1cb; --secondary-color:#191919;\" data-bt-override-class=\"{&quot;bt_bb_size_&quot;:{&quot;current_class&quot;:&quot;bt_bb_size_medium&quot;,&quot;xxl&quot;:&quot;medium&quot;},&quot;bt_bb_align_&quot;:{&quot;current_class&quot;:&quot;bt_bb_align_inherit&quot;,&quot;xxl&quot;:&quot;inherit&quot;}}\"><a href=\"https:\/\/q4h.eu\/services-audit\/\" target=\"_self\" class=\"bt_bb_link\" title=\"EN SAVOIR PLUS\"><span class=\"bt_bb_button_text\" >EN SAVOIR PLUS<\/span><span  data-ico-fontawesome5solid=\"&#xf105;\" class=\"bt_bb_icon_holder\"><\/span><\/a><\/div><\/div><\/div><\/div><div class=\"bt_bb_separator bt_bb_border_style_none bt_bb_border_color_none bt_bb_bottom_spacing_40\" data-bt-override-class=\"null\"><\/div><div data-bb-version=\"5.0.5\" class=\"bt_bb_card_image bt_bb_size_small bt_bb_shadow_show\"><div class=\"bt_bb_card_image_background\">\r\n\t\t\t<div class=\"bt_bb_image bt_bb_shape_square bt_bb_target_self\" data-bt-override-class=\"{}\"><a href=\"https:\/\/q4h.eu\/fr\/services\/\"  target=\"_self\" title=\"Interim Management\"><img loading=\"lazy\" decoding=\"async\" width=\"350\" height=\"300\" src=\"https:\/\/q4h.eu\/wp-content\/uploads\/2024\/08\/Q4H-interim_management.png\" class=\"attachment-full size-full\" alt=\"Interim Management\" data-full_image_src=\"https:\/\/q4h.eu\/wp-content\/uploads\/2024\/08\/Q4H-interim_management.png\" title=\"Interim Management\" srcset=\"https:\/\/q4h.eu\/wp-content\/uploads\/2024\/08\/Q4H-interim_management.png 350w, https:\/\/q4h.eu\/wp-content\/uploads\/2024\/08\/Q4H-interim_management-320x274.png 320w\" sizes=\"auto, (max-width: 350px) 100vw, 350px\" \/><\/a><\/div>\r\n\t\t<\/div><div class=\"bt_bb_card_image_text_box\"><div class=\"bt_bb_card_image_title\"><header class=\"bt_bb_headline bt_bb_size_small\" data-bt-override-class=\"{}\"><h3 class=\"bt_bb_headline_tag\"><span class=\"bt_bb_headline_content\"><span><a href=\"https:\/\/q4h.eu\/fr\/services\/\" target=\"_self\" title=\"Interim Management\">Interim Management<\/a><\/span><\/span><\/h3><\/header><\/div><div class=\"bt_bb_card_image_text\">Management ad interim en Qualit\u00e9, Op\u00e9rations et Management<\/div><div class=\"bt_bb_card_image_content_inner\"><div class=\"bt_bb_separator bt_bb_border_style_none bt_bb_border_color_none bt_bb_bottom_spacing_20\" data-bt-override-class=\"null\"><\/div><div data-bb-version=\"5.0.5\" class=\"bt_bb_button bt_bb_color_scheme_3 bt_bb_icon_position_right bt_bb_style_clean bt_bb_size_medium bt_bb_width_inline bt_bb_shape_inherit bt_bb_target_self bt_bb_text_transform_inherit bt_bb_align_inherit\" style=\"; --primary-color:#33d1cb; --secondary-color:#191919;\" data-bt-override-class=\"{&quot;bt_bb_size_&quot;:{&quot;current_class&quot;:&quot;bt_bb_size_medium&quot;,&quot;xxl&quot;:&quot;medium&quot;},&quot;bt_bb_align_&quot;:{&quot;current_class&quot;:&quot;bt_bb_align_inherit&quot;,&quot;xxl&quot;:&quot;inherit&quot;}}\"><a href=\"https:\/\/q4h.eu\/about-us\/contact\/\" target=\"_self\" class=\"bt_bb_link\" title=\"PRENDRE CONTACT\"><span class=\"bt_bb_button_text\" >PRENDRE CONTACT<\/span><span  data-ico-fontawesome5solid=\"&#xf105;\" class=\"bt_bb_icon_holder\"><\/span><\/a><\/div><\/div><\/div><\/div><div class=\"bt_bb_separator bt_bb_border_style_none bt_bb_border_color_none bt_bb_bottom_spacing_40\" data-bt-override-class=\"null\"><\/div><div data-bb-version=\"5.0.5\" class=\"bt_bb_card_image bt_bb_size_small bt_bb_shadow_show\"><div class=\"bt_bb_card_image_background\">\r\n\t\t\t<div class=\"bt_bb_image bt_bb_shape_square bt_bb_target_self\" data-bt-override-class=\"{}\"><a href=\"https:\/\/q4h.eu\/fr\/services\/\"  target=\"_self\" title=\"Responsabilit\u00e9 Pharmaceutique\"><img loading=\"lazy\" decoding=\"async\" width=\"350\" height=\"300\" src=\"https:\/\/q4h.eu\/wp-content\/uploads\/2024\/08\/Q4H_responsabilite.png\" class=\"attachment-full size-full\" alt=\"Responsabilit\u00e9 Pharmaceutique\" data-full_image_src=\"https:\/\/q4h.eu\/wp-content\/uploads\/2024\/08\/Q4H_responsabilite.png\" title=\"Responsabilit\u00e9 Pharmaceutique\" srcset=\"https:\/\/q4h.eu\/wp-content\/uploads\/2024\/08\/Q4H_responsabilite.png 350w, https:\/\/q4h.eu\/wp-content\/uploads\/2024\/08\/Q4H_responsabilite-320x274.png 320w\" sizes=\"auto, (max-width: 350px) 100vw, 350px\" \/><\/a><\/div>\r\n\t\t<\/div><div class=\"bt_bb_card_image_text_box\"><div class=\"bt_bb_card_image_title\"><header class=\"bt_bb_headline bt_bb_size_small\" data-bt-override-class=\"{}\"><h3 class=\"bt_bb_headline_tag\"><span class=\"bt_bb_headline_content\"><span><a href=\"https:\/\/q4h.eu\/fr\/services\/\" target=\"_self\" title=\"Responsabilit\u00e9 Pharmaceutique\">Responsabilit\u00e9 Pharmaceutique<\/a><\/span><\/span><\/h3><\/header><\/div><div class=\"bt_bb_card_image_text\">Eligible \u00e0 la Responsabilit\u00e9 Pharmaceutique au regard de l'article L. 5124-2 du Code de la Sant\u00e9 Publique <\/div><div class=\"bt_bb_card_image_content_inner\"><div class=\"bt_bb_separator bt_bb_border_style_none bt_bb_border_color_none bt_bb_bottom_spacing_20\" data-bt-override-class=\"null\"><\/div><div data-bb-version=\"5.0.5\" class=\"bt_bb_button bt_bb_color_scheme_3 bt_bb_icon_position_right bt_bb_style_clean bt_bb_size_medium bt_bb_width_inline bt_bb_shape_inherit bt_bb_target_self bt_bb_text_transform_inherit bt_bb_align_inherit\" style=\"; --primary-color:#33d1cb; --secondary-color:#191919;\" data-bt-override-class=\"{&quot;bt_bb_size_&quot;:{&quot;current_class&quot;:&quot;bt_bb_size_medium&quot;,&quot;xxl&quot;:&quot;medium&quot;},&quot;bt_bb_align_&quot;:{&quot;current_class&quot;:&quot;bt_bb_align_inherit&quot;,&quot;xxl&quot;:&quot;inherit&quot;}}\"><a href=\"https:\/\/q4h.eu\/fr\/services\/\" target=\"_self\" class=\"bt_bb_link\" title=\"CONTACTEZ-NOUS\"><span class=\"bt_bb_button_text\" >CONTACTEZ-NOUS<\/span><span  data-ico-fontawesome5solid=\"&#xf105;\" class=\"bt_bb_icon_holder\"><\/span><\/a><\/div><\/div><\/div><\/div><div class=\"bt_bb_separator bt_bb_border_style_none bt_bb_bottom_spacing_medium\" data-bt-override-class=\"null\"><\/div><\/div><\/div><\/div><div  class=\"bt_bb_column col-xxl-3 col-xl-3 bt_bb_vertical_align_top bt_bb_align_center bt_bb_padding_normal bt_bb_animation_fade_in animate\" style=\"; --column-width:3;\" data-width=\"3\" data-bt-override-class=\"{}\"><div class=\"bt_bb_column_content\"><div class=\"bt_bb_column_content_inner\"><div class=\"bt_bb_separator bt_bb_border_style_none bt_bb_top_spacing_normal bt_bb_bottom_spacing_medium bt_bb_hidden_xs bt_bb_hidden_ms bt_bb_hidden_sm\" data-bt-override-class=\"null\"><\/div><div data-bb-version=\"5.0.5\" class=\"bt_bb_card_image bt_bb_border_show bt_bb_size_small bt_bb_shadow_show\"><div class=\"bt_bb_card_image_background\">\r\n\t\t\t<div class=\"bt_bb_image bt_bb_shape_square bt_bb_target_self\" data-bt-override-class=\"{}\"><a href=\"https:\/\/q4h.eu\/fr\/services\/\"  target=\"_self\" title=\"Formation, Coaching &amp; Mentoring, accompagnement sur le terrain\"><img loading=\"lazy\" decoding=\"async\" width=\"350\" height=\"300\" src=\"https:\/\/q4h.eu\/wp-content\/uploads\/2024\/08\/Q4H-formation-icon.png\" class=\"attachment-full size-full\" alt=\"Formation, Coaching &amp; Mentoring, accompagnement sur le terrain\" data-full_image_src=\"https:\/\/q4h.eu\/wp-content\/uploads\/2024\/08\/Q4H-formation-icon.png\" title=\"Formation, Coaching &amp; Mentoring, accompagnement sur le terrain\" srcset=\"https:\/\/q4h.eu\/wp-content\/uploads\/2024\/08\/Q4H-formation-icon.png 350w, https:\/\/q4h.eu\/wp-content\/uploads\/2024\/08\/Q4H-formation-icon-320x274.png 320w\" sizes=\"auto, (max-width: 350px) 100vw, 350px\" \/><\/a><\/div>\r\n\t\t<\/div><div class=\"bt_bb_card_image_text_box\"><div class=\"bt_bb_card_image_title\"><header class=\"bt_bb_headline bt_bb_size_small\" data-bt-override-class=\"{}\"><h3 class=\"bt_bb_headline_tag\"><span class=\"bt_bb_headline_content\"><span><a href=\"https:\/\/q4h.eu\/fr\/services\/\" target=\"_self\" title=\"Formation, Coaching &amp; Mentoring, accompagnement sur le terrain\">Formation, Coaching &amp; Mentoring, accompagnement sur le terrain<\/a><\/span><\/span><\/h3><\/header><\/div><div class=\"bt_bb_card_image_content_inner\"><div class=\"bt_bb_separator btWithText bt_bb_border_style_none bt_bb_border_color_none bt_bb_bottom_spacing_20\" data-bt-override-class=\"null\"><span class=\"bt_bb_separator_text\">De la formation \u00e0 l'impl\u00e9mentation<\/span><\/div><div data-bb-version=\"5.0.5\" class=\"bt_bb_button bt_bb_color_scheme_3 bt_bb_icon_position_right bt_bb_style_clean bt_bb_size_medium bt_bb_width_inline bt_bb_shape_inherit bt_bb_target_self bt_bb_text_transform_inherit bt_bb_align_inherit\" style=\"; --primary-color:#33d1cb; --secondary-color:#191919;\" data-bt-override-class=\"{&quot;bt_bb_size_&quot;:{&quot;current_class&quot;:&quot;bt_bb_size_medium&quot;,&quot;xxl&quot;:&quot;medium&quot;},&quot;bt_bb_align_&quot;:{&quot;current_class&quot;:&quot;bt_bb_align_inherit&quot;,&quot;xxl&quot;:&quot;inherit&quot;}}\"><a href=\"https:\/\/q4h.eu\/services\/formations-accompagnement\/\" target=\"_self\" class=\"bt_bb_link\" title=\"DECOUVREZ LES OFFRES DE FORMATION\"><span class=\"bt_bb_button_text\" >DECOUVREZ LES OFFRES DE FORMATION<\/span><span  data-ico-fontawesome5solid=\"&#xf105;\" class=\"bt_bb_icon_holder\"><\/span><\/a><\/div><\/div><\/div><\/div><div class=\"bt_bb_separator bt_bb_border_style_none bt_bb_border_color_none bt_bb_bottom_spacing_40\" data-bt-override-class=\"null\"><\/div><div data-bb-version=\"5.0.5\" class=\"bt_bb_card_image bt_bb_size_small bt_bb_shadow_show\"><div class=\"bt_bb_card_image_background\">\r\n\t\t\t<div class=\"bt_bb_image bt_bb_shape_square bt_bb_target_self\" data-bt-override-class=\"{}\"><a href=\"https:\/\/q4h.eu\/fr\/services\/\"  target=\"_self\" title=\"Assurance de St\u00e9rilit\u00e9\"><img loading=\"lazy\" decoding=\"async\" width=\"350\" height=\"300\" src=\"https:\/\/q4h.eu\/wp-content\/uploads\/2024\/08\/Q4H_Assurance_sterile.png\" class=\"attachment-full size-full\" alt=\"Assurance de St\u00e9rilit\u00e9\" data-full_image_src=\"https:\/\/q4h.eu\/wp-content\/uploads\/2024\/08\/Q4H_Assurance_sterile.png\" title=\"Assurance de St\u00e9rilit\u00e9\" srcset=\"https:\/\/q4h.eu\/wp-content\/uploads\/2024\/08\/Q4H_Assurance_sterile.png 350w, https:\/\/q4h.eu\/wp-content\/uploads\/2024\/08\/Q4H_Assurance_sterile-320x274.png 320w\" sizes=\"auto, (max-width: 350px) 100vw, 350px\" \/><\/a><\/div>\r\n\t\t<\/div><div class=\"bt_bb_card_image_text_box\"><div class=\"bt_bb_card_image_title\"><header class=\"bt_bb_headline bt_bb_subheadline bt_bb_size_small\" data-bt-override-class=\"{}\"><h3 class=\"bt_bb_headline_tag\"><span class=\"bt_bb_headline_content\"><span><a href=\"https:\/\/q4h.eu\/fr\/services\/\" target=\"_self\" title=\"Assurance de St\u00e9rilit\u00e9\">Assurance de St\u00e9rilit\u00e9<\/a><\/span><\/span><\/h3><div class=\"bt_bb_headline_subheadline\">Pratiques aseptiques, monitoring d'environnement, investigations - incluant les utilit\u00e9s<\/div><\/header><\/div><div class=\"bt_bb_card_image_content_inner\"><div class=\"bt_bb_separator bt_bb_border_style_none bt_bb_border_color_none bt_bb_bottom_spacing_20\" data-bt-override-class=\"null\"><\/div><div data-bb-version=\"5.0.5\" class=\"bt_bb_button bt_bb_color_scheme_3 bt_bb_icon_position_right bt_bb_style_clean bt_bb_size_medium bt_bb_width_inline bt_bb_shape_inherit bt_bb_target_self bt_bb_text_transform_inherit bt_bb_align_inherit\" style=\"; --primary-color:#33d1cb; --secondary-color:#191919;\" data-bt-override-class=\"{&quot;bt_bb_size_&quot;:{&quot;current_class&quot;:&quot;bt_bb_size_medium&quot;,&quot;xxl&quot;:&quot;medium&quot;},&quot;bt_bb_align_&quot;:{&quot;current_class&quot;:&quot;bt_bb_align_inherit&quot;,&quot;xxl&quot;:&quot;inherit&quot;}}\"><a href=\"https:\/\/q4h.eu\/fr\/services\/\" target=\"_self\" class=\"bt_bb_link\" title=\"CONTACTEZ-NOUS\"><span class=\"bt_bb_button_text\" >CONTACTEZ-NOUS<\/span><span  data-ico-fontawesome5solid=\"&#xf105;\" class=\"bt_bb_icon_holder\"><\/span><\/a><\/div><\/div><\/div><\/div><div class=\"bt_bb_separator bt_bb_border_style_none bt_bb_bottom_spacing_medium\" data-bt-override-class=\"null\"><\/div><\/div><\/div><\/div><div  class=\"bt_bb_column col-xxl-6 col-xl-6 bt_bb_vertical_align_middle bt_bb_align_left bt_bb_padding_40 bt_bb_animation_fade_in animate\" style=\"; --column-width:6;\" data-width=\"6\" data-bt-override-class=\"{}\"><div class=\"bt_bb_column_content\"><div class=\"bt_bb_column_content_inner\"><header class=\"bt_bb_headline bt_bb_color_scheme_12 bt_bb_dash_top bt_bb_superheadline bt_bb_subheadline bt_bb_size_normal bt_bb_align_inherit\" style=\"; --primary-color:#10113d; --secondary-color:#33d1cb;\" data-bt-override-class=\"{}\"><h3 class=\"bt_bb_headline_tag\"><span class=\"bt_bb_headline_superheadline\">BENEFITS<\/span><span class=\"bt_bb_headline_content\"><span>We'll Ensure You Always get the Best Results<\/span><\/span><\/h3><div class=\"bt_bb_headline_subheadline\">Your full-service lab for clinical trials. Our mission is to ensure the generation of accurate.<\/div><\/header><div class=\"bt_bb_separator bt_bb_border_style_none bt_bb_bottom_spacing_normal\" data-bt-override-class=\"null\"><\/div><div  class=\"bt_bb_text\" style=\"max-width: 450px;\"><\/p>\n<p>Novalab is registered with the following governmental agencies:<\/p>\n<ul class=\"btAccentList\">\n<li>Drug Enforcement Agency (DEA) No. RG0105216<\/li>\n<li>Food and Drug Administration (FDA) No. 2182801<\/li>\n<li>International Standards Organization (ISO9001 and ISO17025)<\/li>\n<li>United States Department of Agriculture (USDA) No. 35-R-034<\/li>\n<\/ul>\n<p>\n<\/div><div class=\"bt_bb_separator bt_bb_border_style_none bt_bb_bottom_spacing_normal\" data-bt-override-class=\"null\"><\/div><div class=\"bt_bb_button bt_bb_color_scheme_6 bt_bb_icon_position_left bt_bb_style_filled bt_bb_size_normal bt_bb_width_inline bt_bb_shape_inherit bt_bb_target_self bt_bb_align_inherit\" style=\"; --primary-color:#ffffff; --secondary-color:#33d1cb;\" data-bt-override-class=\"{}\"><a href=\"https:\/\/q4h.eu\/fr\/services\/\" target=\"_self\" class=\"bt_bb_link\" title=\"ALL SERVICES\"><span class=\"bt_bb_button_text\" >ALL SERVICES<\/span><\/a><\/div><div class=\"bt_bb_separator bt_bb_border_style_none bt_bb_bottom_spacing_medium\" data-bt-override-class=\"null\"><\/div><div class=\"bt_bb_floating_image bt_bb_shape_square bt_bb_floating_image_horizontal_position_right bt_bb_floating_image_vertical_position_bottom bt_bb_floating_image_animation_delay_default bt_bb_floating_image_animation_duration_3000 bt_bb_floating_image_animation_style_ease_out bt_bb_hidden_xs bt_bb_hidden_ms bt_bb_hidden_sm\" style=\"right: -30em;\" data-speed=\"0.8\"><div class=\"bt_bb_floating_image_image\" data-speed=\"0.8\"><div class=\"bt_bb_image bt_bb_shape_square\" data-bt-override-class=\"{}\"><span><img fetchpriority=\"high\" decoding=\"async\" width=\"484\" height=\"481\" src=\"https:\/\/novalab.bold-themes.com\/nova-a\/wp-content\/uploads\/sites\/7\/2020\/06\/large_blue_triangle_04.png\" class=\"attachment-full size-full\" alt=\"https:\/\/novalab.bold-themes.com\/nova-a\/wp-content\/uploads\/sites\/7\/2020\/06\/large_blue_triangle_04.png\" data-full_image_src=\"https:\/\/novalab.bold-themes.com\/nova-a\/wp-content\/uploads\/sites\/7\/2020\/06\/large_blue_triangle_04.png\" title=\"large_blue_triangle_04\" loading=\"eager\" srcset=\"https:\/\/novalab.bold-themes.com\/nova-a\/wp-content\/uploads\/sites\/7\/2020\/06\/large_blue_triangle_04.png 484w, https:\/\/novalab.bold-themes.com\/nova-a\/wp-content\/uploads\/sites\/7\/2020\/06\/large_blue_triangle_04-160x160.png 160w, https:\/\/novalab.bold-themes.com\/nova-a\/wp-content\/uploads\/sites\/7\/2020\/06\/large_blue_triangle_04-320x318.png 320w, https:\/\/novalab.bold-themes.com\/nova-a\/wp-content\/uploads\/sites\/7\/2020\/06\/large_blue_triangle_04-100x100.png 100w\" sizes=\"(max-width: 484px) 100vw, 484px\" \/><\/span><\/div><\/div><\/div><\/div><\/div><\/div><\/div><\/div><\/div><!-- cell_inner --><\/div><!-- cell --><\/div><!-- port --><\/section><\/p>\n","protected":false},"excerpt":{"rendered":"","protected":false},"author":2,"featured_media":0,"parent":0,"menu_order":0,"comment_status":"closed","ping_status":"closed","template":"","meta":{"footnotes":""},"class_list":["post-1596","page","type-page","status-publish","hentry"],"_links":{"self":[{"href":"https:\/\/q4h.eu\/fr\/wp-json\/wp\/v2\/pages\/1596","targetHints":{"allow":["GET"]}}],"collection":[{"href":"https:\/\/q4h.eu\/fr\/wp-json\/wp\/v2\/pages"}],"about":[{"href":"https:\/\/q4h.eu\/fr\/wp-json\/wp\/v2\/types\/page"}],"author":[{"embeddable":true,"href":"https:\/\/q4h.eu\/fr\/wp-json\/wp\/v2\/users\/2"}],"replies":[{"embeddable":true,"href":"https:\/\/q4h.eu\/fr\/wp-json\/wp\/v2\/comments?post=1596"}],"version-history":[{"count":52,"href":"https:\/\/q4h.eu\/fr\/wp-json\/wp\/v2\/pages\/1596\/revisions"}],"predecessor-version":[{"id":4491,"href":"https:\/\/q4h.eu\/fr\/wp-json\/wp\/v2\/pages\/1596\/revisions\/4491"}],"wp:attachment":[{"href":"https:\/\/q4h.eu\/fr\/wp-json\/wp\/v2\/media?parent=1596"}],"curies":[{"name":"wp","href":"https:\/\/api.w.org\/{rel}","templated":true}]}}